{"id":455,"date":"2013-08-24T23:21:58","date_gmt":"2013-08-24T21:21:58","guid":{"rendered":"http:\/\/www.antinseuraajat.net\/?page_id=455"},"modified":"2013-08-24T23:32:14","modified_gmt":"2013-08-24T21:32:14","slug":"onnistunut-sukukokous-narvassa","status":"publish","type":"page","link":"http:\/\/www.antinseuraajat.net\/?page_id=455","title":{"rendered":"Onnistunut sukukokous Narvassa"},"content":{"rendered":"<p>Sukuseuramme ensimm\u00e4inen toimintakausi sinet\u00f6itiin p\u00e4\u00e4ttyneeksi lauantaina 24. p\u00e4iv\u00e4 elokuuta 2013 pidetyss\u00e4 sukukokouksessa.\u00a0 Ilmojenhaltija palkitsi aurinkoisella p\u00e4iv\u00e4npaisteella Vesilahden Narvan seurantalolle kokoontuneen hyv\u00e4ntuulisen sukulaisjoukon.\u00a0 Varsinainen sukukokous eteni ripe\u00e4sti ja s\u00e4\u00e4nt\u00f6m\u00e4\u00e4r\u00e4iset asiat k\u00e4ytiin l\u00e4pi hyv\u00e4n yhteishengen saattelemana.<\/p>\n<p>Sukuseuran puheenjohtajana jatkaa seuraavan kahden vuoden toimintakauden <em><strong>Kari Sepp\u00e4nen<\/strong><\/em> ja varapuheenjohtajana <strong><em>Mirja Anolin<\/em><\/strong>.<\/p>\n<p>Hallituksen varsinaisiksi j\u00e4seniksi valittiin <em><strong>Jari Kuosmanen<\/strong><\/em>, <strong><em>Paula Parikka, Heli Piepponen, Pekka Piepponen <\/em><\/strong>ja<em> <\/em><strong><em>Reino Sepp\u00e4nen<\/em><\/strong>.\u00a0 Yleisvaraj\u00e4seniksi tuli valituksi <em><strong>Marja M\u00e4kinen, Aira Lindstr\u00f6m, Jouko Sepp\u00e4nen <\/strong>ja<strong> Mikko Sepp\u00e4nen<\/strong><\/em>.\u00a0 Hallituksen j\u00e4rjest\u00e4ytymiskokouksessa seuran sihteeriksi valittiin Reino Sepp\u00e4nen ja taloudenhoitajaksi Pekka Piepponen.\u00a0 Yhdistyksen j\u00e4senasioiden hoitajana toimii edelleen Jari Kuosmanen.<\/p>\n<p>Yhdistyksen varsinaisiksi toiminnantarkastajiksi valittiin <em><strong>Taina M\u00e4kinen<\/strong><\/em> ja <em><strong>Katja Jaakkola<\/strong><\/em> sek\u00e4 varalle <em><strong>Tuija Piepponen<\/strong><\/em> ja<strong> <\/strong><em><strong>Mauno M\u00e4kinen<\/strong><\/em>.<\/p>\n<p>Kokouksen j\u00e4lkeen nautittiin maittava keittolounas ja kokoontumista jatkettiin keskustellen, kuulumisia vaihtaen sek\u00e4 tietokilpailun ja yhteislaulun merkeiss\u00e4.\u00a0 Tasav\u00e4kisen tietokilpailun vetiv\u00e4t <em><strong>Katja Jaakkola <\/strong><\/em>ja<em> <strong>Tarja Sepp\u00e4nen<\/strong><\/em>.\u00a0 Sen lopputuloksena oli nelj\u00e4n henkil\u00f6n p\u00e4\u00e4tyminen huikeaan 11 \/ 12 tilanteeseen.\u00a0 Lis\u00e4kysymyksi\u00e4 ei tarvittu sill\u00e4 voittajajat tasasivat yhtesest\u00e4 toivomuksesta palkinnon kesken\u00e4\u00e4n.\u00a0 Yhteislaulun lomassa juotiin makoisat kahvit leivonnaisineen.<\/p>\n<p>Tilaisuus todettiin kuin yhdesti onnistuneeksi ja koteihinsa suunnisti leppoisan yhteisolon voimaannuttama sukulaisjoukko.<\/p>\n<p>&nbsp;<\/p>\n","protected":false},"excerpt":{"rendered":"<p>Sukuseuramme ensimm\u00e4inen toimintakausi sinet\u00f6itiin p\u00e4\u00e4ttyneeksi lauantaina 24. p\u00e4iv\u00e4 elokuuta 2013 pidetyss\u00e4 sukukokouksessa.\u00a0 Ilmojenhaltija palkitsi aurinkoisella p\u00e4iv\u00e4npaisteella Vesilahden Narvan seurantalolle kokoontuneen hyv\u00e4ntuulisen sukulaisjoukon.\u00a0 Varsinainen sukukokous eteni ripe\u00e4sti ja s\u00e4\u00e4nt\u00f6m\u00e4\u00e4r\u00e4iset asiat k\u00e4ytiin l\u00e4pi hyv\u00e4n yhteishengen saattelemana. Sukuseuran puheenjohtajana jatkaa seuraavan kahden vuoden toimintakauden Kari Sepp\u00e4nen ja varapuheenjohtajana Mirja Anolin. Hallituksen varsinaisiksi j\u00e4seniksi valittiin Jari Kuosmanen, Paula Parikka, [&hellip;]<\/p>\n","protected":false},"author":2,"featured_media":0,"parent":131,"menu_order":0,"comment_status":"closed","ping_status":"closed","template":"page-templates\/front-page.php","meta":{"footnotes":""},"class_list":["post-455","page","type-page","status-publish","hentry"],"_links":{"self":[{"href":"http:\/\/www.antinseuraajat.net\/index.php?rest_route=\/wp\/v2\/pages\/455","targetHints":{"allow":["GET"]}}],"collection":[{"href":"http:\/\/www.antinseuraajat.net\/index.php?rest_route=\/wp\/v2\/pages"}],"about":[{"href":"http:\/\/www.antinseuraajat.net\/index.php?rest_route=\/wp\/v2\/types\/page"}],"author":[{"embeddable":true,"href":"http:\/\/www.antinseuraajat.net\/index.php?rest_route=\/wp\/v2\/users\/2"}],"replies":[{"embeddable":true,"href":"http:\/\/www.antinseuraajat.net\/index.php?rest_route=%2Fwp%2Fv2%2Fcomments&post=455"}],"version-history":[{"count":6,"href":"http:\/\/www.antinseuraajat.net\/index.php?rest_route=\/wp\/v2\/pages\/455\/revisions"}],"predecessor-version":[{"id":458,"href":"http:\/\/www.antinseuraajat.net\/index.php?rest_route=\/wp\/v2\/pages\/455\/revisions\/458"}],"up":[{"embeddable":true,"href":"http:\/\/www.antinseuraajat.net\/index.php?rest_route=\/wp\/v2\/pages\/131"}],"wp:attachment":[{"href":"http:\/\/www.antinseuraajat.net\/index.php?rest_route=%2Fwp%2Fv2%2Fmedia&parent=455"}],"curies":[{"name":"wp","href":"https:\/\/api.w.org\/{rel}","templated":true}]}}