{"id":10,"date":"2013-01-22T15:17:58","date_gmt":"2013-01-22T13:17:58","guid":{"rendered":"http:\/\/www.antinseuraajat.net\/?page_id=10"},"modified":"2013-04-07T11:45:53","modified_gmt":"2013-04-07T09:45:53","slug":"tyon-alla","status":"publish","type":"page","link":"https:\/\/www.antinseuraajat.net\/","title":{"rendered":"Tervetuloa Sukuseura Antti Sepp\u00e4sen j\u00e4lkel\u00e4iset ry:n kotisivuille!"},"content":{"rendered":"<p>Sukuseura vaalii Muolaan Myhkyril\u00e4st\u00e4 l\u00e4ht\u00f6isin olevan Sepp\u00e4sten ikivanhan talonpoikaisuvun ja sen eri haarojen perinteit\u00e4 sek\u00e4<br \/>\nKarjalan Kannaksen muistoa. Ensimm\u00e4iset kirjalliset dokumentit sitovat suvun juuret Muolaan pit\u00e4j\u00e4n, Punnusj\u00e4rven rannalle.<\/p>\n<p>N\u00e4ilt\u00e4 sivuilta l\u00f6yd\u00e4t tietoa suvun historiasta sek\u00e4 yhdistyksest\u00e4 ja sen toiminnasta.<\/p>\n","protected":false},"excerpt":{"rendered":"<p>Sukuseura vaalii Muolaan Myhkyril\u00e4st\u00e4 l\u00e4ht\u00f6isin olevan Sepp\u00e4sten ikivanhan talonpoikaisuvun ja sen eri haarojen perinteit\u00e4 sek\u00e4 Karjalan Kannaksen muistoa. Ensimm\u00e4iset kirjalliset dokumentit sitovat suvun juuret Muolaan pit\u00e4j\u00e4n, Punnusj\u00e4rven rannalle. N\u00e4ilt\u00e4 sivuilta l\u00f6yd\u00e4t tietoa suvun historiasta sek\u00e4 yhdistyksest\u00e4 ja sen toiminnasta.<\/p>\n","protected":false},"author":1,"featured_media":0,"parent":0,"menu_order":0,"comment_status":"open","ping_status":"open","template":"page-templates\/front-page.php","meta":{"footnotes":""},"class_list":["post-10","page","type-page","status-publish","hentry"],"_links":{"self":[{"href":"https:\/\/www.antinseuraajat.net\/index.php?rest_route=\/wp\/v2\/pages\/10","targetHints":{"allow":["GET"]}}],"collection":[{"href":"https:\/\/www.antinseuraajat.net\/index.php?rest_route=\/wp\/v2\/pages"}],"about":[{"href":"https:\/\/www.antinseuraajat.net\/index.php?rest_route=\/wp\/v2\/types\/page"}],"author":[{"embeddable":true,"href":"https:\/\/www.antinseuraajat.net\/index.php?rest_route=\/wp\/v2\/users\/1"}],"replies":[{"embeddable":true,"href":"https:\/\/www.antinseuraajat.net\/index.php?rest_route=%2Fwp%2Fv2%2Fcomments&post=10"}],"version-history":[{"count":26,"href":"https:\/\/www.antinseuraajat.net\/index.php?rest_route=\/wp\/v2\/pages\/10\/revisions"}],"predecessor-version":[{"id":268,"href":"https:\/\/www.antinseuraajat.net\/index.php?rest_route=\/wp\/v2\/pages\/10\/revisions\/268"}],"wp:attachment":[{"href":"https:\/\/www.antinseuraajat.net\/index.php?rest_route=%2Fwp%2Fv2%2Fmedia&parent=10"}],"curies":[{"name":"wp","href":"https:\/\/api.w.org\/{rel}","templated":true}]}}