{"id":131,"date":"2013-04-02T06:11:52","date_gmt":"2013-04-02T04:11:52","guid":{"rendered":"http:\/\/www.antinseuraajat.net\/?page_id=131"},"modified":"2013-04-02T06:11:52","modified_gmt":"2013-04-02T04:11:52","slug":"sukuseura","status":"publish","type":"page","link":"https:\/\/www.antinseuraajat.net\/?page_id=131","title":{"rendered":"Sukuseura"},"content":{"rendered":"<div>\n<p>Sepp\u00e4 \u2013 sanan on sanottu eri muunnoksineen olevan maailman yleisin sukunimi.\u00a0 Yleinen se on my\u00f6s meill\u00e4 Suomessa.\u00a0 \u00a0Vuonna 2012 Sepp\u00e4si\u00e4 oli\u00a0 v\u00e4est\u00f6rekisterikeskuksen tilastossa l\u00e4hes kahdeksan tuhatta.\u00a0 Nimen alueellisia keskittymi\u00e4 l\u00f6ytyy useita. \u00a0\u00a0Sepp\u00e4sten sukuseurojakin on useita.\u00a0 Yhteist\u00e4 \u201dalkukotia\u201d sukunimelle ei ole kuitenkaan voitu osoittaa.<\/p>\n<p>Ester K\u00e4h\u00f6nen mainitsee <b><i>Vanha \u00c4yr\u00e4p\u00e4\u00e4<\/i><\/b> teoksessa Muolaan Sepp\u00e4set yhten\u00e4 esimerkkin\u00e4 Kannaksen vanhoista suvuista, ns. \u00e4yr\u00e4m\u00f6issuvuista.\u00a0 \u00a0Kyseess\u00e4 on Punnusj\u00e4rven etel\u00e4rannalta, Myhkyril\u00e4n kyl\u00e4st\u00e4 l\u00e4ht\u00f6isin oleva suku.\u00a0 Myhkyril\u00e4 oli yksi kolmesta etel\u00e4rannan kylist\u00e4, jotka muodostivat Saustalaksi kutsutun alueen.\u00a0 \u00a0Kaksi muuta kyl\u00e4\u00e4 olivat Oravala ja Saavola.\u00a0 L\u00e4hell\u00e4 on my\u00f6s Himalan kyl\u00e4,\u00a0 joka liittyy useiden sukusiteiden kautta my\u00f6s Myhkyril\u00e4n Sepp\u00e4siin.\u00a0\u00a0 Ester\u00a0 K\u00e4h\u00f6sen tutkimusten mukaan Sepp\u00e4set olivat Myhkyril\u00e4n ainoa kantasuku.\u00a0 Kyl\u00e4lle nimens\u00e4 antaneet Myhkyriset esiintyv\u00e4t ensi kertaa vasta vuonna 1543 ja katoavat sittemmin kyl\u00e4st\u00e4 kokonaan.<\/p>\n<p>Antti Sepp\u00e4sen j\u00e4lkel\u00e4iset ry perustettiin vaalimaan vanhan kannakselaisen \u00e4yr\u00e4m\u00f6issuvun muistoa ja perinteit\u00e4.\u00a0 \u00a0Nimens\u00e4 sukuseura on saanut ensimm\u00e4isest\u00e4, kirjallisesti todennettavasta henkil\u00f6st\u00e4, noin 1400 ja 1500 lukujen vaihteessa syntyneest\u00e4 Antti Sepp\u00e4sest\u00e4 (Anders Seppen).\u00a0\u00a0 Sittemmin suku levisi Muolaalta muihin pit\u00e4jiin.\u00a0 \u00a0Er\u00e4s suvun elinvoimaisista haaroista muutti Myhkyril\u00e4st\u00e4 \u00a0\u00a0Valkj\u00e4rven Tarpilaan 1830-luvulla.\u00a0 \u00a0Sielt\u00e4 se levisi keisarikunnan puolelle Toksovoon, Pietariin ja Siestarjoelle.\u00a0 Osa suvusta palasi Suomen itsen\u00e4istytty\u00e4 Terijoelle.\u00a0 \u00a0Sukuseura Antti Sepp\u00e4sen j\u00e4lkel\u00e4iset on perustettu kokoamaan yhteen t\u00e4t\u00e4 nyky\u00e4 ilmeisen suurta heimoa ja vaalimaan arvokasta kannakselaista perinnett\u00e4.<\/p>\n<\/div>\n","protected":false},"excerpt":{"rendered":"<p>Sepp\u00e4 \u2013 sanan on sanottu eri muunnoksineen olevan maailman yleisin sukunimi.\u00a0 Yleinen se on my\u00f6s meill\u00e4 Suomessa.\u00a0 \u00a0Vuonna 2012 Sepp\u00e4si\u00e4 oli\u00a0 v\u00e4est\u00f6rekisterikeskuksen tilastossa l\u00e4hes kahdeksan tuhatta.\u00a0 Nimen alueellisia keskittymi\u00e4 l\u00f6ytyy useita. \u00a0\u00a0Sepp\u00e4sten sukuseurojakin on useita.\u00a0 Yhteist\u00e4 \u201dalkukotia\u201d sukunimelle ei ole kuitenkaan voitu osoittaa. Ester K\u00e4h\u00f6nen mainitsee Vanha \u00c4yr\u00e4p\u00e4\u00e4 teoksessa Muolaan Sepp\u00e4set yhten\u00e4 esimerkkin\u00e4 Kannaksen vanhoista [&hellip;]<\/p>\n","protected":false},"author":1,"featured_media":0,"parent":0,"menu_order":0,"comment_status":"closed","ping_status":"closed","template":"","meta":{"footnotes":""},"class_list":["post-131","page","type-page","status-publish","hentry"],"_links":{"self":[{"href":"https:\/\/www.antinseuraajat.net\/index.php?rest_route=\/wp\/v2\/pages\/131","targetHints":{"allow":["GET"]}}],"collection":[{"href":"https:\/\/www.antinseuraajat.net\/index.php?rest_route=\/wp\/v2\/pages"}],"about":[{"href":"https:\/\/www.antinseuraajat.net\/index.php?rest_route=\/wp\/v2\/types\/page"}],"author":[{"embeddable":true,"href":"https:\/\/www.antinseuraajat.net\/index.php?rest_route=\/wp\/v2\/users\/1"}],"replies":[{"embeddable":true,"href":"https:\/\/www.antinseuraajat.net\/index.php?rest_route=%2Fwp%2Fv2%2Fcomments&post=131"}],"version-history":[{"count":1,"href":"https:\/\/www.antinseuraajat.net\/index.php?rest_route=\/wp\/v2\/pages\/131\/revisions"}],"predecessor-version":[{"id":132,"href":"https:\/\/www.antinseuraajat.net\/index.php?rest_route=\/wp\/v2\/pages\/131\/revisions\/132"}],"wp:attachment":[{"href":"https:\/\/www.antinseuraajat.net\/index.php?rest_route=%2Fwp%2Fv2%2Fmedia&parent=131"}],"curies":[{"name":"wp","href":"https:\/\/api.w.org\/{rel}","templated":true}]}}