{"id":135,"date":"2013-04-02T06:19:50","date_gmt":"2013-04-02T04:19:50","guid":{"rendered":"http:\/\/www.antinseuraajat.net\/?page_id=135"},"modified":"2013-04-02T06:20:56","modified_gmt":"2013-04-02T04:20:56","slug":"sukututkija-aimo-seppanen","status":"publish","type":"page","link":"https:\/\/www.antinseuraajat.net\/?page_id=135","title":{"rendered":"Sukututkija Aimo Sepp\u00e4nen"},"content":{"rendered":"<p><a href=\"https:\/\/www.antinseuraajat.net\/wp-content\/uploads\/2013\/04\/Professori-Aimo-Sepp\u00e4nen.jpg\"><img loading=\"lazy\" decoding=\"async\" class=\"size-medium wp-image-136 alignleft\" alt=\"Professori Aimo Sepp\u00e4nen\" src=\"https:\/\/www.antinseuraajat.net\/wp-content\/uploads\/2013\/04\/Professori-Aimo-Sepp\u00e4nen-214x300.jpg\" width=\"214\" height=\"300\" srcset=\"https:\/\/www.antinseuraajat.net\/wp-content\/uploads\/2013\/04\/Professori-Aimo-Sepp\u00e4nen-214x300.jpg 214w, https:\/\/www.antinseuraajat.net\/wp-content\/uploads\/2013\/04\/Professori-Aimo-Sepp\u00e4nen.jpg 553w\" sizes=\"auto, (max-width: 214px) 100vw, 214px\" \/><\/a>Myhkyril\u00e4n Sepp\u00e4set -teoksen tekij\u00e4 professori<br \/>  Aimo Sepp\u00e4nen syntyi Muolaan pit\u00e4j\u00e4ss\u00e4 vuonna 1929 ja kuoli 81-vuotiaana, lyhyen sairauden j\u00e4lkeen,<br \/>  G\u00f6teborgissa 23. kes\u00e4kuuta 2011. Oppikoulunsa Aimo Sepp\u00e4nen aloitti Viipurissa sota-aikana vuonna 1942. Sodan pakottamana perhe evakoitui Toijalaan, miss\u00e4 Aimo kirjoitti ylioppilaaksi vuonna 1949.<\/p>\n<p>Suoritettuaan asevelvollisuutensa h\u00e4n aloitti kieliopintonsa Helsingin yliopistossa, mist\u00e4 valmistui filosofian kandidaatiksi p\u00e4\u00e4aineenaan englantilainen kielitiede. Opiskeluaikanaan Aimo osallistui useille kursseille<br \/> Lontoossa ja G\u00f6ttingeniss\u00e4.<\/p>\n<p>H\u00e4n vietti vuoden stipendiaattina Kieliss\u00e4 Saksan liittotasavallassa, mist\u00e4 Suomeen<br \/>  palattuaan toimi opettajana lukiossa .<\/p>\n<p>Aimon akateminen ura sai alkunsa h\u00e4nen aloitettua englannin kielen lisensiaattiopinnot Helsingin yliopistossa vuonna 1959, jossa toimi samalla my\u00f6s opettajana. Aimo sai Fullbright-stipendin Havardin yliopistoon lukuvuodeksi 1960 &#8211; 1961 ja apurahan Lontoon yliopistoon vuonna 1963, mit\u00e4 ennen h\u00e4n oli suorittanut opettajatutkinnon Suomessa. H\u00e4n toimi englantilaisen kielitieteen lehtorina Tampereen yliopistossa, suorittaen samaan aikaan lisensiaattitutkinnon Helsingiss\u00e4. <\/p>\n<p>Siell\u00e4 h\u00e4n my\u00f6s hoiti m\u00e4\u00e4r\u00e4aikaista professuuria. My\u00f6hemmin Aimo toimi tutkimusasssistenttina Oulun yliopistossa. Vuosina 1967 &#8211; 1970 h\u00e4n palasi Lontooseen, jossa valmisteli v\u00e4it\u00f6skirjaansa. Tohtoriksi Aimo Sepp\u00e4nen v\u00e4itteli Tampereen yliopistossa vuonna 1974. Professoriksi h\u00e4net nimitettiin aineen samaan yliopistoon vuonna 1976.<\/p>\n<p>Vuonna 1980 Aimo muutti Ruotsiin toimien ensin englannin kielitieteen professorina Uumajan yliopistossa ja vuodesta 1985 G\u00f6teborgin yliopistossa, miss\u00e4 h\u00e4n hoiti englannin kielen Carnegie -professuria el\u00e4kkeelle j\u00e4\u00e4miseensa asti vuonna 1994.<\/p>\n<p>Tutkijana Aimo Sepp\u00e4sen mielenkiinto oli suuntautunut l\u00e4hinn\u00e4 kieliopin ja semantiikan alueisiin. H\u00e4n oli my\u00f6s eritt\u00e4in tuottelias tutkimusty\u00f6ss\u00e4\u00e4n. G\u00f6teborgin yliopiston kolleegat luonnehtivat Aimoa tutkijaksi, jolle oli &#8221;tunnusomaista uusi ajattelu ja sitoutuminen, analyyttinen kyky ja tieteellinen tarkkuus&#8221;. Aimo puhui sujuvasti suomen lis\u00e4ksi englantia, ruotsia ja saksaa. H\u00e4nell\u00e4 oli my\u00f6 hyv\u00e4t tiedot monista muista kielist\u00e4.<\/p>\n<p>Aimo Sepp\u00e4nen on haudattu h\u00e4nen viimeiseen kotikaupunkiinsa G\u00f6teborgiin.<\/p>\n","protected":false},"excerpt":{"rendered":"<p>Myhkyril\u00e4n Sepp\u00e4set -teoksen tekij\u00e4 professori Aimo Sepp\u00e4nen syntyi Muolaan pit\u00e4j\u00e4ss\u00e4 vuonna 1929 ja kuoli 81-vuotiaana, lyhyen sairauden j\u00e4lkeen, G\u00f6teborgissa 23. kes\u00e4kuuta 2011. Oppikoulunsa Aimo Sepp\u00e4nen aloitti Viipurissa sota-aikana vuonna 1942. Sodan pakottamana perhe evakoitui Toijalaan, miss\u00e4 Aimo kirjoitti ylioppilaaksi vuonna 1949. Suoritettuaan asevelvollisuutensa h\u00e4n aloitti kieliopintonsa Helsingin yliopistossa, mist\u00e4 valmistui filosofian kandidaatiksi p\u00e4\u00e4aineenaan englantilainen kielitiede. [&hellip;]<\/p>\n","protected":false},"author":1,"featured_media":0,"parent":146,"menu_order":0,"comment_status":"closed","ping_status":"closed","template":"","meta":{"footnotes":""},"class_list":["post-135","page","type-page","status-publish","hentry"],"_links":{"self":[{"href":"https:\/\/www.antinseuraajat.net\/index.php?rest_route=\/wp\/v2\/pages\/135","targetHints":{"allow":["GET"]}}],"collection":[{"href":"https:\/\/www.antinseuraajat.net\/index.php?rest_route=\/wp\/v2\/pages"}],"about":[{"href":"https:\/\/www.antinseuraajat.net\/index.php?rest_route=\/wp\/v2\/types\/page"}],"author":[{"embeddable":true,"href":"https:\/\/www.antinseuraajat.net\/index.php?rest_route=\/wp\/v2\/users\/1"}],"replies":[{"embeddable":true,"href":"https:\/\/www.antinseuraajat.net\/index.php?rest_route=%2Fwp%2Fv2%2Fcomments&post=135"}],"version-history":[{"count":10,"href":"https:\/\/www.antinseuraajat.net\/index.php?rest_route=\/wp\/v2\/pages\/135\/revisions"}],"predecessor-version":[{"id":147,"href":"https:\/\/www.antinseuraajat.net\/index.php?rest_route=\/wp\/v2\/pages\/135\/revisions\/147"}],"up":[{"embeddable":true,"href":"https:\/\/www.antinseuraajat.net\/index.php?rest_route=\/wp\/v2\/pages\/146"}],"wp:attachment":[{"href":"https:\/\/www.antinseuraajat.net\/index.php?rest_route=%2Fwp%2Fv2%2Fmedia&parent=135"}],"curies":[{"name":"wp","href":"https:\/\/api.w.org\/{rel}","templated":true}]}}