{"id":146,"date":"2013-04-02T06:20:21","date_gmt":"2013-04-02T04:20:21","guid":{"rendered":"http:\/\/www.antinseuraajat.net\/?page_id=146"},"modified":"2013-04-07T14:27:16","modified_gmt":"2013-04-07T12:27:16","slug":"suvun-historia-ja-sukututkimus","status":"publish","type":"page","link":"https:\/\/www.antinseuraajat.net\/?page_id=146","title":{"rendered":"Suvun historia ja sukututkimus"},"content":{"rendered":"<p>T\u00e4m\u00e4n valikon alle pyrimme ker\u00e4\u00e4m\u00e4\u00e4n seuramme eri sukuhaarjojen vaiheita,\u00a0 Siihen tarvitsemme j\u00e4sentemme aktiivista panosta, koska ei ole olemassa mit\u00e4\u00e4n yht\u00e4 ainoaa l\u00e4hdett\u00e4, mist\u00e4 tietoa ammentaa.\u00a0 L\u00e4hteit\u00e4 on yht\u00e4 monta kuin on j\u00e4seni\u00e4 tai jopa potentiaalista j\u00e4senkuntaa.\u00a0 Siis aktiivisuutta hyv\u00e4t sukulaiset ja yst\u00e4v\u00e4t!<\/p>\n","protected":false},"excerpt":{"rendered":"<p>T\u00e4m\u00e4n valikon alle pyrimme ker\u00e4\u00e4m\u00e4\u00e4n seuramme eri sukuhaarjojen vaiheita,\u00a0 Siihen tarvitsemme j\u00e4sentemme aktiivista panosta, koska ei ole olemassa mit\u00e4\u00e4n yht\u00e4 ainoaa l\u00e4hdett\u00e4, mist\u00e4 tietoa ammentaa.\u00a0 L\u00e4hteit\u00e4 on yht\u00e4 monta kuin on j\u00e4seni\u00e4 tai jopa potentiaalista j\u00e4senkuntaa.\u00a0 Siis aktiivisuutta hyv\u00e4t sukulaiset ja yst\u00e4v\u00e4t!<\/p>\n","protected":false},"author":1,"featured_media":0,"parent":0,"menu_order":0,"comment_status":"closed","ping_status":"closed","template":"","meta":{"footnotes":""},"class_list":["post-146","page","type-page","status-publish","hentry"],"_links":{"self":[{"href":"https:\/\/www.antinseuraajat.net\/index.php?rest_route=\/wp\/v2\/pages\/146","targetHints":{"allow":["GET"]}}],"collection":[{"href":"https:\/\/www.antinseuraajat.net\/index.php?rest_route=\/wp\/v2\/pages"}],"about":[{"href":"https:\/\/www.antinseuraajat.net\/index.php?rest_route=\/wp\/v2\/types\/page"}],"author":[{"embeddable":true,"href":"https:\/\/www.antinseuraajat.net\/index.php?rest_route=\/wp\/v2\/users\/1"}],"replies":[{"embeddable":true,"href":"https:\/\/www.antinseuraajat.net\/index.php?rest_route=%2Fwp%2Fv2%2Fcomments&post=146"}],"version-history":[{"count":1,"href":"https:\/\/www.antinseuraajat.net\/index.php?rest_route=\/wp\/v2\/pages\/146\/revisions"}],"predecessor-version":[{"id":286,"href":"https:\/\/www.antinseuraajat.net\/index.php?rest_route=\/wp\/v2\/pages\/146\/revisions\/286"}],"wp:attachment":[{"href":"https:\/\/www.antinseuraajat.net\/index.php?rest_route=%2Fwp%2Fv2%2Fmedia&parent=146"}],"curies":[{"name":"wp","href":"https:\/\/api.w.org\/{rel}","templated":true}]}}