{"id":186,"date":"2013-04-03T16:30:28","date_gmt":"2013-04-03T14:30:28","guid":{"rendered":"http:\/\/www.antinseuraajat.net\/?page_id=186"},"modified":"2013-04-07T12:22:21","modified_gmt":"2013-04-07T10:22:21","slug":"ensimmaiset-tunnetut-seppaset","status":"publish","type":"page","link":"https:\/\/www.antinseuraajat.net\/?page_id=186","title":{"rendered":"Ensimm\u00e4iset tunnetut Sepp\u00e4set"},"content":{"rendered":"<p>Ensimm\u00e4iset kirjallisista l\u00e4hteist\u00e4 esiin nousevat Sepp\u00e4set Saustalassa.\u00a0 ( L\u00e4hde:\u00a0 Aimo Sepp\u00e4nen, &#8221;Myhkyril\u00e4n Sepp\u00e4set&#8221;, Saarij\u00e4rvi 2003 )<\/p>\n<p>TAULU l<\/p>\n<ol>\n<li><b>I.\u00a0\u00a0\u00a0\u00a0\u00a0\u00a0 <\/b><b>Antti Sepp\u00e4nen <\/b><i>(ands seppen), <\/i>s. ehk\u00e4 n. 1500. Talollinen Muolaassa 1543-1552.<br \/>\nAsuinpaikka n\u00e4ht\u00e4v\u00e4sti Myhkyril\u00e4\/Saustala, vaikka kyl\u00e4nnime\u00e4 ei l\u00e4hteess\u00e4 mainitakaan. Esim. v. 1543 Antti merkittiin Niilo Poikolaisen (Poijkulain) nelj\u00e4nneskuntaan ja 1550 Niilo Peikolaisen (Niels peikolain, mahdollisesti sama mies kuin edell\u00e4) nelj\u00e4n\u00adneskuntaan ja Antti Ollinpojan nautakantaan. Maksoi vuosina 1550-1552 kokoveron yhdess\u00e4 Olli ja Matti Kurpan sek\u00e4 Lauri J\u00e4lk\u00f6sen kanssa.<\/li>\n<\/ol>\n<p>II.Poika: Eerik. Taulu 2.<\/p>\n<p>TAULU 2<\/p>\n<ol>\n<li><b>II.\u00a0\u00a0 <\/b><b>Eerik Antinpoika Sepp\u00e4nen <\/b><i>(Erick Seppe\/sepp\u00e4\/Smedh), <\/i>s. ehk\u00e4 n. 1530. Talolli\u00adnen Muolaan Saustalassa 1553-1575-. Sukunimi kirjoitettiin toisinaan <i>Smedh, <\/i>toisi-naan <i>Sepp\u00e4 <\/i>tai <i>Seppe. V. <\/i>1559 suoritetun ns. m\u00e5l-mittauksen mukaan Eerikill\u00e4 oli peltoa 28 m\u00e5lia, niitty\u00e4 3 m\u00e5lia, takamaita 3 m\u00e5lia ja kalavesi\u00e4 l m\u00e5l. Tilan veroluvuksi merkittiin 1\/4. &#8211; l m\u00e5l-yksik\u00f6llinen peltoa oli noin 1\/6 tynnyrinalaa. Eerikill\u00e4 oli n\u00e4in ollen 4 2\/3 tynnyrinalaa peltoa, mik\u00e4 vastaa n. 2,3 hehtaaria. Vaikka t\u00e4m\u00e4 m\u00e4\u00e4r\u00e4 tuntuu nykymittapuun mukaan v\u00e4h\u00e4iselt\u00e4, Eerikin vainiot olivat huomattavasti keskim\u00e4\u00e4r\u00e4ist\u00e4<br \/>\nkookkaammat.<\/li>\n<li>III.\u00a0 Poika: <b>Antti. <\/b>Taulu 3.<\/li>\n<\/ol>\n<p>TAULU 3<\/p>\n<p><b>III. Antti Eerikinpoika Sepp\u00e4nen <\/b><i>(An Erick Smedh\/Seppe), <\/i>s. ehk\u00e4 n. 1555. Talollinen Muolaassa -l580-1620- Tilan veroluku oli edelleen 1\/4 lukuun ottamatta vuotta 1585, jolloin se oli 13\/24. T\u00e4m\u00e4 is\u00e4nt\u00e4 oli se <i>Andhers Erichson, <\/i>jonka puumerkki esiintyy vuosien 1600-1601 veror\u00e4stiluettelossa. &#8211; Kylien nimien ilmestyess\u00e4 yh\u00e4 useammin l\u00e4hteisiin 1580-luvulta alkaen Antin kotipaikaksi merkittiin ensin 580-1593) Saustala, mutta viimeist\u00e4\u00e4n vuodesta l605 l\u00e4htien Myhkyril\u00e4.<\/p>\n<p>IV Poika: <b>Eerik. <\/b>Taulu 4.<\/p>\n<p>TAULU 4<\/p>\n<p><b><i>IV. <\/i><\/b><b>Eerik Antinpoika Sepp\u00e4nen <\/b><i>(Erich Andersson Sepp\u00e4in), <\/i>s. ehk\u00e4 n. 1585. Is\u00e4nt\u00e4 Muolaan Myhkyril\u00e4ss\u00e4 -1623-1639-ja -1648-. Tilasta tuli ratsutila (rustholli) 1630-luvulla. V 1639 tilalta l\u00f6ytyi karjaa keskivertoa enemm\u00e4n: hevonen, nelj\u00e4 lehm\u00e4\u00e4, hieho, mulli, kolme lammasta, kaksi karitsaa ja kaksi sikaa. Kylv\u00f6ksi ilmoitettiin kolme tynnyria. Kotikyl\u00e4ksi nimettiin Myhkyril\u00e4n ohella vaihtelevasti Saustala (1635, 1639, 1644), Sarkola (1642) ja Punnusj\u00e4rvi (1648). Puoliso: <b>Katri <\/b><i>(Karin), <\/i>mainittu nimelt\u00e4 1635 ja 1639.<\/p>\n","protected":false},"excerpt":{"rendered":"<p>Ensimm\u00e4iset kirjallisista l\u00e4hteist\u00e4 esiin nousevat Sepp\u00e4set Saustalassa.\u00a0 ( L\u00e4hde:\u00a0 Aimo Sepp\u00e4nen, &#8221;Myhkyril\u00e4n Sepp\u00e4set&#8221;, Saarij\u00e4rvi 2003 ) TAULU l I.\u00a0\u00a0\u00a0\u00a0\u00a0\u00a0 Antti Sepp\u00e4nen (ands seppen), s. ehk\u00e4 n. 1500. Talollinen Muolaassa 1543-1552. Asuinpaikka n\u00e4ht\u00e4v\u00e4sti Myhkyril\u00e4\/Saustala, vaikka kyl\u00e4nnime\u00e4 ei l\u00e4hteess\u00e4 mainitakaan. Esim. v. 1543 Antti merkittiin Niilo Poikolaisen (Poijkulain) nelj\u00e4nneskuntaan ja 1550 Niilo Peikolaisen (Niels peikolain, mahdollisesti sama [&hellip;]<\/p>\n","protected":false},"author":2,"featured_media":0,"parent":146,"menu_order":1,"comment_status":"closed","ping_status":"closed","template":"","meta":{"footnotes":""},"class_list":["post-186","page","type-page","status-publish","hentry"],"_links":{"self":[{"href":"https:\/\/www.antinseuraajat.net\/index.php?rest_route=\/wp\/v2\/pages\/186","targetHints":{"allow":["GET"]}}],"collection":[{"href":"https:\/\/www.antinseuraajat.net\/index.php?rest_route=\/wp\/v2\/pages"}],"about":[{"href":"https:\/\/www.antinseuraajat.net\/index.php?rest_route=\/wp\/v2\/types\/page"}],"author":[{"embeddable":true,"href":"https:\/\/www.antinseuraajat.net\/index.php?rest_route=\/wp\/v2\/users\/2"}],"replies":[{"embeddable":true,"href":"https:\/\/www.antinseuraajat.net\/index.php?rest_route=%2Fwp%2Fv2%2Fcomments&post=186"}],"version-history":[{"count":6,"href":"https:\/\/www.antinseuraajat.net\/index.php?rest_route=\/wp\/v2\/pages\/186\/revisions"}],"predecessor-version":[{"id":191,"href":"https:\/\/www.antinseuraajat.net\/index.php?rest_route=\/wp\/v2\/pages\/186\/revisions\/191"}],"up":[{"embeddable":true,"href":"https:\/\/www.antinseuraajat.net\/index.php?rest_route=\/wp\/v2\/pages\/146"}],"wp:attachment":[{"href":"https:\/\/www.antinseuraajat.net\/index.php?rest_route=%2Fwp%2Fv2%2Fmedia&parent=186"}],"curies":[{"name":"wp","href":"https:\/\/api.w.org\/{rel}","templated":true}]}}