{"id":19,"date":"2013-01-22T15:27:02","date_gmt":"2013-01-22T13:27:02","guid":{"rendered":"http:\/\/www.antinseuraajat.net\/?page_id=19"},"modified":"2013-04-02T06:13:33","modified_gmt":"2013-04-02T04:13:33","slug":"yhdistys","status":"publish","type":"page","link":"https:\/\/www.antinseuraajat.net\/?page_id=19","title":{"rendered":"Yhdistys"},"content":{"rendered":"<p>Sukuseura vaalii Muolaan Myhkyril\u00e4st\u00e4 l\u00e4ht\u00f6isin olevan Sepp\u00e4sten ikivanha talonpoikaisuvun ja sen eri haarojen perinteit\u00e4 sek\u00e4 Karjalan Kannaksen muistoa.<\/p>\n<p><strong>Teht\u00e4v\u00e4<\/strong><br \/>\nSukuseuran tarkoituksena on koota yhteen noin vuonna 1500 syntyneen Antti Sepp\u00e4sen j\u00e4lkel\u00e4isi\u00e4 ja selvitt\u00e4\u00e4 h\u00e4nest\u00e4 periytyvien sukuhaarojen vaiheita ja historiaa, vaalia suvun perinteit\u00e4 ja edist\u00e4\u00e4 yhteenkuuluvuuden tunnetta suvun j\u00e4senten keskuudessa sek\u00e4 tehd\u00e4 sukuseura- ja sukututkimusty\u00f6t\u00e4 tunnetuksi ja muutenkin edist\u00e4\u00e4 Karjalan Kannakseen liittyv\u00e4\u00e4 kotiseututy\u00f6t\u00e4.<\/p>\n<p><strong>Kuvaus<\/strong><br \/>\nSukuseuran varsinaiseksi j\u00e4seneksi voidaan hyv\u00e4ksy\u00e4 jokainen 15 vuotta t\u00e4ytt\u00e4nyt henkil\u00f6, joka polveutuu noin vuonna 1500 syntyneest\u00e4 Antti Sepp\u00e4sest\u00e4 sek\u00e4 jokainen henkil\u00f6, joka avioliiton kautta on liittynyt sukuun.<\/p>\n<p>Sukuseuran varsinaiseksi j\u00e4seneksi voidaan hyv\u00e4ksy\u00e4 my\u00f6s muu sellainen henkil\u00f6, joka on kiinnostunut sukuseuratoiminnasta.<\/p>\n<p><strong>Yleist\u00e4 taustatietoa<\/strong><br \/>\nSukuseurallemme nimens\u00e4 antanut Antti Sepp\u00e4nen (ands seppen) on ensimm\u00e4inen suvun j\u00e4sen, josta l\u00f6ytyy kirjallinen maininta. Antti oli talollinen Muolaassa 1543-1552. H\u00e4n syntyi noin 1500 ja asui tiett\u00e4v\u00e4sti Punnusj\u00e4rven rannalla Myhkyril\u00e4\/Saustalassa.<\/p>\n<p>Vuonna 1543 Antti merkittiin Niilo Poikolaisen (Poijkulain) nelj\u00e4nneskuntaan ja Y. 1550 Niilo Peikolaisen (Niels peikolain, mahdollisesti sama mies kuin edell\u00e4) nelj\u00e4n\u00acneskuntaan ja Antti Ollinpojan nautakantaan. Maksoi vuosina 1550-1552 kokoveron yhdess\u00e4 Olli ja Matti Kurpan sek\u00e4 Lauri J\u00e4lk\u00f6sen kanssa.<\/p>\n","protected":false},"excerpt":{"rendered":"<p>Sukuseura vaalii Muolaan Myhkyril\u00e4st\u00e4 l\u00e4ht\u00f6isin olevan Sepp\u00e4sten ikivanha talonpoikaisuvun ja sen eri haarojen perinteit\u00e4 sek\u00e4 Karjalan Kannaksen muistoa. Teht\u00e4v\u00e4 Sukuseuran tarkoituksena on koota yhteen noin vuonna 1500 syntyneen Antti Sepp\u00e4sen j\u00e4lkel\u00e4isi\u00e4 ja selvitt\u00e4\u00e4 h\u00e4nest\u00e4 periytyvien sukuhaarojen vaiheita ja historiaa, vaalia suvun perinteit\u00e4 ja edist\u00e4\u00e4 yhteenkuuluvuuden tunnetta suvun j\u00e4senten keskuudessa sek\u00e4 tehd\u00e4 sukuseura- ja sukututkimusty\u00f6t\u00e4 tunnetuksi [&hellip;]<\/p>\n","protected":false},"author":1,"featured_media":0,"parent":0,"menu_order":0,"comment_status":"open","ping_status":"open","template":"","meta":{"footnotes":""},"class_list":["post-19","page","type-page","status-publish","hentry"],"_links":{"self":[{"href":"https:\/\/www.antinseuraajat.net\/index.php?rest_route=\/wp\/v2\/pages\/19","targetHints":{"allow":["GET"]}}],"collection":[{"href":"https:\/\/www.antinseuraajat.net\/index.php?rest_route=\/wp\/v2\/pages"}],"about":[{"href":"https:\/\/www.antinseuraajat.net\/index.php?rest_route=\/wp\/v2\/types\/page"}],"author":[{"embeddable":true,"href":"https:\/\/www.antinseuraajat.net\/index.php?rest_route=\/wp\/v2\/users\/1"}],"replies":[{"embeddable":true,"href":"https:\/\/www.antinseuraajat.net\/index.php?rest_route=%2Fwp%2Fv2%2Fcomments&post=19"}],"version-history":[{"count":8,"href":"https:\/\/www.antinseuraajat.net\/index.php?rest_route=\/wp\/v2\/pages\/19\/revisions"}],"predecessor-version":[{"id":134,"href":"https:\/\/www.antinseuraajat.net\/index.php?rest_route=\/wp\/v2\/pages\/19\/revisions\/134"}],"wp:attachment":[{"href":"https:\/\/www.antinseuraajat.net\/index.php?rest_route=%2Fwp%2Fv2%2Fmedia&parent=19"}],"curies":[{"name":"wp","href":"https:\/\/api.w.org\/{rel}","templated":true}]}}