{"id":246,"date":"2013-04-06T14:13:41","date_gmt":"2013-04-06T12:13:41","guid":{"rendered":"http:\/\/www.antinseuraajat.net\/?page_id=246"},"modified":"2016-02-05T23:11:07","modified_gmt":"2016-02-05T21:11:07","slug":"suku-jakautuu-myhkyrila-seppasten-jalkelaiset-valkjarven-tarpilassa","status":"publish","type":"page","link":"https:\/\/www.antinseuraajat.net\/?page_id=246","title":{"rendered":"Suku jakautuu"},"content":{"rendered":"<div id=\"attachment_249\" style=\"width: 362px\" class=\"wp-caption alignleft\"><a href=\"http:\/\/www.antinseuraajat.net\/wp-content\/uploads\/2013\/04\/Sukutaulu7_b.jpg\"><img loading=\"lazy\" decoding=\"async\" aria-describedby=\"caption-attachment-249\" class=\" wp-image-249 \" src=\"http:\/\/www.antinseuraajat.net\/wp-content\/uploads\/2013\/04\/Sukutaulu7_b-300x180.jpg\" alt=\"Sukutaulu7_b\" width=\"352\" height=\"211\" srcset=\"https:\/\/www.antinseuraajat.net\/wp-content\/uploads\/2013\/04\/Sukutaulu7_b-300x180.jpg 300w, https:\/\/www.antinseuraajat.net\/wp-content\/uploads\/2013\/04\/Sukutaulu7_b-1024x614.jpg 1024w, https:\/\/www.antinseuraajat.net\/wp-content\/uploads\/2013\/04\/Sukutaulu7_b-624x374.jpg 624w, https:\/\/www.antinseuraajat.net\/wp-content\/uploads\/2013\/04\/Sukutaulu7_b.jpg 1615w\" sizes=\"auto, (max-width: 352px) 100vw, 352px\" \/><\/a><p id=\"caption-attachment-249\" class=\"wp-caption-text\">N\u00e4p\u00e4yt\u00e4 kuvaa, jos haluat saada sen suuremmaksi.<\/p><\/div>\n<p><strong>Myhkyril\u00e4 Sepp\u00e4sten j\u00e4lkel\u00e4iset Valkj\u00e4rven Tarpilassa<\/strong><\/p>\n<p>Sukutaulussa 7 oleva <em><strong>Simo Antinpoika<\/strong> <\/em>kuoli 58-vuotiaana.\u00a0 H\u00e4n oli naimisissa kolme kertaa.\u00a0 Simolla oli kaikkiaan nelj\u00e4 poikaa, <em><strong>Yrj\u00f6, Antti, Martti<\/strong><\/em> ja<em> <strong>Penjami<\/strong><\/em>.\u00a0 He kaikki ehtiv\u00e4t olla Sepp\u00e4sen tilan is\u00e4nti\u00e4.<\/p>\n<p>Yrj\u00f6 Antinpojan ainoa eloon j\u00e4\u00e4nyt poika, <em><strong>Tuomas<\/strong><\/em>, muutti Himalaan ja h\u00e4nelle syntyi kaksi tyt\u00e4rt\u00e4.\u00a0 Miespuolinen linja sammui my\u00f6s <em><strong>Antti Yrj\u00f6npojan<\/strong> <\/em>kohdalla, sill\u00e4 h\u00e4nell\u00e4kin oli vain kaksi tyt\u00e4rt\u00e4.\u00a0 <em><strong>Penjamin<\/strong><\/em> avioliitto oli lapseton.\u00a0 <strong><em>Matti Martinpoika<\/em>\u00a0<\/strong> (1789 &#8211; 1865) avioitui <strong><em>Anna Matintyt\u00e4r H\u00e4t\u00f6sen<\/em><\/strong> (1791 &#8211; 1844) kanssa ja he saivat nelj\u00e4 poikaa ja kaksi tyt\u00e4rt\u00e4.<\/p>\n<p>Lapset olivat ik\u00e4j\u00e4rjestyksess\u00e4:\u00a0 <em><strong>Juhana, Helena, Kustaa, Mikko , Ville <\/strong>ja<strong> Maria<\/strong><\/em>.<\/p>\n<p>Matti Martinpoikaaa ja h\u00e4nen perhett\u00e4\u00e4n kohtaa suuri vastoink\u00e4yminen vuonna 1832.\u00a0 Mattia syyttiin varkaudesta ja h\u00e4n sai k\u00e4r\u00e4jill\u00e4 my\u00f6s tuomion.\u00a0 Se kuitenkin kumoutui hovioikeudessa.\u00a0 Vahinko oli kuitenkin ehtinyt tapahtua.\u00a0 Matti leimautuu kyl\u00e4n ja sukunsa keskuudessa.\u00a0 Lapset muuttivat pois Myhkyril\u00e4st\u00e4 jo ennen tuomion kumoutumista.\u00a0 My\u00f6s Matti itse muutti pois, kun vaimo kuoli vuonna 1844.\u00a0 Matti itse taas kuoli Muolaan Oinaalassa ruotiukkona.\u00a0 On ajalle kuvaavaa, ett\u00e4 viel\u00e4 Juhanan poika, Pietari kantoi Valkj\u00e4rven kirkonkirjoissa <strong>varkaan poika<\/strong> -merkint\u00e4\u00e4.\u00a0 Vaikka\u00a0 kyll\u00e4kin virheellisesti, koska syytettyn\u00e4 oli ollut isois\u00e4 eik\u00e4 is\u00e4 ja isois\u00e4kin oli saanut hovioikeudessa vapauttavan tuomion!<\/p>\n<p>Lapsista vanhin, Juhana, tavataan Myhkyril\u00e4st\u00e4 l\u00e4ht\u00f6ns\u00e4 j\u00e4lkeen kirjallisissa l\u00e4hteiss\u00e4 renkin\u00e4 P\u00e4ivil\u00e4ss\u00e4.\u00a0 Siell\u00e4 h\u00e4n tutustui piikana toimineeseen, vuonna 1818 syntyneeseen,<em><strong> Maria Juhanantyt\u00e4r Ratakseen<\/strong><\/em>.\u00a0 Matti Martinpojan lapsista pienen\u00e4 kuollutta <em><strong>Maria Matintyt\u00e4rt\u00e4\u00a0<\/strong><\/em> lukuunottamatta kaikki p\u00e4\u00e4tyiv\u00e4t lopulta Valkj\u00e4rven Tarpilaan.\u00a0 Heist\u00e4 tosin <em><strong>Helena<\/strong><\/em> avioitui muualle ja yksi pojista muutti keisarikunnan puolelle Toksovaan.\u00a0 Valkj\u00e4rvelle j\u00e4i siten el\u00e4m\u00e4\u00e4n kaksi Myhkyril\u00e4n Sepp\u00e4sten sukuhaaraa Juhanan ja Villen.\u00a0 Heist\u00e4 Ville avioitui valkj\u00e4rvel\u00e4isen <em><strong>Varpu <\/strong><\/em>(Valborg) <em><strong>Pekin<\/strong><\/em> kanssa.\u00a0 Heid\u00e4n j\u00e4lkel\u00e4iset asustelivat Valkj\u00e4rven Aliskalan kyl\u00e4ss\u00e4 aina viime sotiin asti.\u00a0 T\u00e4t\u00e4 sukuhaaraa tavataan nykyisin mm. J\u00e4ms\u00e4n seudulla.<\/p>\n<p>Juhana Sepp\u00e4nen ilmestyy l\u00e4hteiss\u00e4 Tarpilan taloon numero 5.\u00a0 Pian h\u00e4net kirjataan yhti\u00f6mieheksi (bolgsman) kyseiselle tilalle.\u00a0 Yhti\u00f6miehet hoitivat lahjoitusmaatilaa yhdess\u00e4 ns. lampuotien kanssa, jotka olivat yleens\u00e4 tilan alkuper\u00e4ist\u00e4 omistajasukua (sukua joka viljeli tilaa itsen\u00e4isesti aina siihen asti, kunnes tsaari lahjoitti maan jollekin suosikilleen).\u00a0 Suomen valtio (silloin autonominen suuriruhtinaskunta Ven\u00e4j\u00e4n keisarikunnassa) lainoitti lampuoteja ostamaan tilat itselleen.\u00a0 Kohtalon ivaa on se, ett\u00e4 n\u00e4iden lampuotien viimeiset lainat maksettiin pois 30-luvulla ennen talvisodan syttymist\u00e4.<\/p>\n<p>Juhanalle ja Maria Ratakselle syntyi kolme lasta; <em><strong>Pietari, Helena<\/strong><\/em> ja <em><strong>Anna<\/strong><\/em>.\u00a0 Juhana kuolee 32-vuotiaana Tarpilassa vuonna 1848.\u00a0 Kuolinsyyksi on pappi merkinnyt horkan.\u00a0 Maria avioituu uudelleen samassa talossa asuvan lampuoti Hiob Martikaisen kanssa.\u00a0 Juhanan lapsista vanhin, Pietari el\u00e4\u00e4 koko el\u00e4m\u00e4ns\u00e4 Tarpilassa.\u00a0 H\u00e4n avioituu Kristiina Tuomaantyt\u00e4r Paljakan kanssa.\u00a0 Lapsia pariskunnalle syntyy kaikkiaan kahdeksan; <em><strong>Mikko, Johannes, Tuomas, Helena, Juho, Ida Maria, Anna<\/strong><\/em> ja yksi kuolleena syntynyt.\u00a0\u00a0 Pietarin lapsista Mikko ja Tuomas muuttavat my\u00f6hemmin keisarikunnan puolelle.\u00a0 Mikko Siestarjoelle ja Tuomas Pietariin.<\/p>\n<p>Mikko Sepp\u00e4nen avioitui Siestarjoella (Systerb\u00e4ck) ollessaan kiv\u00e4\u00e4ritehtaan ty\u00f6ntekij\u00e4n,\u00a0<em><strong>Johann Gustaf Wikstr\u00f6min<\/strong><\/em>, tytt\u00e4ren <em><strong>Fredrika Mathilda Wikstr\u00f6min<\/strong><\/em> kanssa.\u00a0 Fredrika on syntynyt vuonna 1883.\u00a0 Is\u00e4 Johann on ruotsinkielinen, mahdollisesti Ruotsista muuttanut asesepp\u00e4.\u00a0 Mikon ja Fredrikan lapsista kolme, <em><strong>Karl, Ida, <\/strong><\/em><em><strong>Elsa <\/strong><\/em>ja <em><strong>Pekka<\/strong><\/em>, syntyiv\u00e4t Systerb\u00e4ckiss\u00e4.\u00a0 Perhe palasi Suomeen vasta vuonna 1921 ja asettui asumaan Terijoelle.\u00a0 Perhe kasvoi Suomessa viel\u00e4 kahdella lapsella, <em><strong>Aino<\/strong><\/em> ja <em><strong>Viljam. \u00a0<\/strong><\/em> Mikko itse kuoli 1930-luvun alussa Viipurissa.\u00a0 H\u00e4nen vaimonsa ja j\u00e4lkel\u00e4isens\u00e4 asettuivat sodan j\u00e4lkeen asumaan Valkeakoskelle.\u00a0 Sittemmin haara on hajaantunut ymp\u00e4ri Suomea.<\/p>\n<p>&nbsp;<\/p>\n<p>&nbsp;<\/p>\n<p>&nbsp;<\/p>\n<p>&nbsp;<\/p>\n<p>&nbsp;<\/p>\n","protected":false},"excerpt":{"rendered":"<p>Myhkyril\u00e4 Sepp\u00e4sten j\u00e4lkel\u00e4iset Valkj\u00e4rven Tarpilassa Sukutaulussa 7 oleva Simo Antinpoika kuoli 58-vuotiaana.\u00a0 H\u00e4n oli naimisissa kolme kertaa.\u00a0 Simolla oli kaikkiaan nelj\u00e4 poikaa, Yrj\u00f6, Antti, Martti ja Penjami.\u00a0 He kaikki ehtiv\u00e4t olla Sepp\u00e4sen tilan is\u00e4nti\u00e4. Yrj\u00f6 Antinpojan ainoa eloon j\u00e4\u00e4nyt poika, Tuomas, muutti Himalaan ja h\u00e4nelle syntyi kaksi tyt\u00e4rt\u00e4.\u00a0 Miespuolinen linja sammui my\u00f6s Antti Yrj\u00f6npojan kohdalla, [&hellip;]<\/p>\n","protected":false},"author":2,"featured_media":0,"parent":146,"menu_order":4,"comment_status":"closed","ping_status":"closed","template":"","meta":{"footnotes":""},"class_list":["post-246","page","type-page","status-publish","hentry"],"_links":{"self":[{"href":"https:\/\/www.antinseuraajat.net\/index.php?rest_route=\/wp\/v2\/pages\/246","targetHints":{"allow":["GET"]}}],"collection":[{"href":"https:\/\/www.antinseuraajat.net\/index.php?rest_route=\/wp\/v2\/pages"}],"about":[{"href":"https:\/\/www.antinseuraajat.net\/index.php?rest_route=\/wp\/v2\/types\/page"}],"author":[{"embeddable":true,"href":"https:\/\/www.antinseuraajat.net\/index.php?rest_route=\/wp\/v2\/users\/2"}],"replies":[{"embeddable":true,"href":"https:\/\/www.antinseuraajat.net\/index.php?rest_route=%2Fwp%2Fv2%2Fcomments&post=246"}],"version-history":[{"count":20,"href":"https:\/\/www.antinseuraajat.net\/index.php?rest_route=\/wp\/v2\/pages\/246\/revisions"}],"predecessor-version":[{"id":762,"href":"https:\/\/www.antinseuraajat.net\/index.php?rest_route=\/wp\/v2\/pages\/246\/revisions\/762"}],"up":[{"embeddable":true,"href":"https:\/\/www.antinseuraajat.net\/index.php?rest_route=\/wp\/v2\/pages\/146"}],"wp:attachment":[{"href":"https:\/\/www.antinseuraajat.net\/index.php?rest_route=%2Fwp%2Fv2%2Fmedia&parent=246"}],"curies":[{"name":"wp","href":"https:\/\/api.w.org\/{rel}","templated":true}]}}