{"id":334,"date":"2013-04-17T18:45:42","date_gmt":"2013-04-17T16:45:42","guid":{"rendered":"http:\/\/www.antinseuraajat.net\/?page_id=334"},"modified":"2021-04-14T04:08:52","modified_gmt":"2021-04-14T02:08:52","slug":"kuvat-sukutapaamisesta","status":"publish","type":"page","link":"https:\/\/www.antinseuraajat.net\/?page_id=334","title":{"rendered":"Kuvat sukutapaamisesta 2012"},"content":{"rendered":"<p>Sukuseuran ensimm\u00e4inen sukutapaaminen pidettiin 18. elokuuta 2012.\u00a0 Paikkana oli lomakoti J\u00e4rvel\u00e4 Valkeakoskelle.\u00a0 Idyllinen paikka sijaitsee vehmaan Vanajaveden rannalla.\u00a0 Kaunis ilma suosi tilaisuutta, jossa tavattiin tuttuja ja v\u00e4h\u00e4n tuntemattomampiakin, pelattiin pihapelej\u00e4, sy\u00f6tii, juotiin kahvit, pidettiin kannakselaisaiheinen tietokilpailu ja arvottiin valtava m\u00e4\u00e4r\u00e4 lahjaksi saatuja palkintoja.\u00a0 Innokkaimmat ottivat my\u00f6s makoisat l\u00f6ylyt J\u00e4rvel\u00e4n saunassa.\u00a0 Uimisen esti J\u00e4rvel\u00e4n rannassa lillunut runsas sinilev\u00e4lautta.<\/p>\n\t\t\t\t\t\t<div class=\"gallery_box_single\">\n\t\t\t\t\t\t\t\t\t\t\t\t\t\t\t<div class=\"gallery gllr_grid\" data-gllr-columns=\"3\" data-gllr-border-width=\"10\">\n\t\t\t\t\t\t\t\t\t\t\t\t\t\t\t\t\t\t\t\t<div class=\"gllr_image_row\">\n\t\t\t\t\t\t\t\t\t\t\t\t\t\t\t\t\t\t\t\t\t<div class=\"gllr_image_block\">\n\t\t\t\t\t\t\t\t\t\t\t\t<p style=\"\n\t\t\t\t\t\t\t\t\t\t\t\twidth:170px;height:170px;\t\t\t\t\t\t\t\t\t\t\t\t\">\n\t\t\t\t\t\t\t\t\t\t\t\t\t\t\t\t\t\t\t\t\t\t\t\t\t\t\t\t<a data-fancybox=\"gallery_fancybox_312\" href=\"https:\/\/www.antinseuraajat.net\/wp-content\/uploads\/2013\/04\/J\u00e4rvel\u00e4n-p\u00e4\u00e4rakennus.jpg\" title=\"J\u00e4rvel\u00e4n p\u00e4\u00e4rakennuksen etusivu\" >\n\t\t\t\t\t\t\t\t\t\t\t\t\t\t\t\t<img decoding=\"async\" width=&quot;150&quot; height=&quot;150&quot; style=\"width:150px; height:150px; border-width: 10px; border-color:#f1f1f1;border: 10px solid #f1f1f1\" alt=\"\" title=\"J\u00e4rvel\u00e4n p\u00e4\u00e4rakennuksen etusivu\" src=\"https:\/\/www.antinseuraajat.net\/wp-content\/uploads\/2013\/04\/J\u00e4rvel\u00e4n-p\u00e4\u00e4rakennus-150x150.jpg\" rel=\"https:\/\/www.antinseuraajat.net\/wp-content\/uploads\/2013\/04\/J\u00e4rvel\u00e4n-p\u00e4\u00e4rakennus.jpg\" \/>\t\t\t\t\t\t\t\t\t\t\t\t\t\t\t<\/a>\n\t\t\t\t\t\t\t\t\t\t\t\t\t\t\t\t\t\t\t\t\t\t\t\t\t\t<\/p>\n\t\t\t\t\t\t\t\t\t\t\t\t\t\t\t\t\t\t\t\t\t\t\t\t\t<div \n\t\t\t\t\t\t\t\t\t\t\t\t\tstyle=\"width:170px;\"\t\t\t\t\t\t\t\t\t\t\t\t\tclass=\"gllr_single_image_text gllr_single_image_text_under\">J\u00e4rvel\u00e4n p\u00e4\u00e4rakennuksen etusivu&nbsp;<\/div>\n\t\t\t\t\t\t\t\t\t\t\t\t\t\t\t\t\t\t\t\t\t\t\t<\/div><!-- .gllr_image_block -->\n\t\t\t\t\t\t\t\t\t\t\t\t\t\t\t\t\t\t\t\t\t<div class=\"gllr_image_block\">\n\t\t\t\t\t\t\t\t\t\t\t\t<p style=\"\n\t\t\t\t\t\t\t\t\t\t\t\twidth:170px;height:170px;\t\t\t\t\t\t\t\t\t\t\t\t\">\n\t\t\t\t\t\t\t\t\t\t\t\t\t\t\t\t\t\t\t\t\t\t\t\t\t\t\t\t<a data-fancybox=\"gallery_fancybox_312\" href=\"https:\/\/www.antinseuraajat.net\/wp-content\/uploads\/2013\/04\/P\u00e4\u00e4rakennus-rannan-suunnalta.jpg\" title=\"P\u00e4\u00e4rakennus rannan puolelta n\u00e4htyn\u00e4.\" >\n\t\t\t\t\t\t\t\t\t\t\t\t\t\t\t\t<img decoding=\"async\" width=&quot;150&quot; height=&quot;150&quot; style=\"width:150px; height:150px; border-width: 10px; border-color:#f1f1f1;border: 10px solid #f1f1f1\" alt=\"\" title=\"P\u00e4\u00e4rakennus rannan puolelta n\u00e4htyn\u00e4.\" src=\"https:\/\/www.antinseuraajat.net\/wp-content\/uploads\/2013\/04\/P\u00e4\u00e4rakennus-rannan-suunnalta-150x150.jpg\" rel=\"https:\/\/www.antinseuraajat.net\/wp-content\/uploads\/2013\/04\/P\u00e4\u00e4rakennus-rannan-suunnalta.jpg\" \/>\t\t\t\t\t\t\t\t\t\t\t\t\t\t\t<\/a>\n\t\t\t\t\t\t\t\t\t\t\t\t\t\t\t\t\t\t\t\t\t\t\t\t\t\t<\/p>\n\t\t\t\t\t\t\t\t\t\t\t\t\t\t\t\t\t\t\t\t\t\t\t\t\t<div \n\t\t\t\t\t\t\t\t\t\t\t\t\tstyle=\"width:170px;\"\t\t\t\t\t\t\t\t\t\t\t\t\tclass=\"gllr_single_image_text gllr_single_image_text_under\">P\u00e4\u00e4rakennus rannan puolelta n\u00e4htyn\u00e4.&nbsp;<\/div>\n\t\t\t\t\t\t\t\t\t\t\t\t\t\t\t\t\t\t\t\t\t\t\t<\/div><!-- .gllr_image_block -->\n\t\t\t\t\t\t\t\t\t\t\t\t\t\t\t\t\t\t\t\t\t<div class=\"gllr_image_block\">\n\t\t\t\t\t\t\t\t\t\t\t\t<p style=\"\n\t\t\t\t\t\t\t\t\t\t\t\twidth:170px;height:170px;\t\t\t\t\t\t\t\t\t\t\t\t\">\n\t\t\t\t\t\t\t\t\t\t\t\t\t\t\t\t\t\t\t\t\t\t\t\t\t\t\t\t<a data-fancybox=\"gallery_fancybox_312\" href=\"https:\/\/www.antinseuraajat.net\/wp-content\/uploads\/2013\/04\/Puheenjohtaja-Kari-Sepp\u00e4nen-tervehtii.jpg\" title=\"Sukuseuran puheenjohtaja lausuu l\u00e4sn\u00e4olijat tervetulleiksi.\" >\n\t\t\t\t\t\t\t\t\t\t\t\t\t\t\t\t<img decoding=\"async\" width=&quot;150&quot; height=&quot;150&quot; style=\"width:150px; height:150px; border-width: 10px; border-color:#f1f1f1;border: 10px solid #f1f1f1\" alt=\"\" title=\"Sukuseuran puheenjohtaja lausuu l\u00e4sn\u00e4olijat tervetulleiksi.\" src=\"https:\/\/www.antinseuraajat.net\/wp-content\/uploads\/2013\/04\/Puheenjohtaja-Kari-Sepp\u00e4nen-tervehtii-150x150.jpg\" rel=\"https:\/\/www.antinseuraajat.net\/wp-content\/uploads\/2013\/04\/Puheenjohtaja-Kari-Sepp\u00e4nen-tervehtii.jpg\" \/>\t\t\t\t\t\t\t\t\t\t\t\t\t\t\t<\/a>\n\t\t\t\t\t\t\t\t\t\t\t\t\t\t\t\t\t\t\t\t\t\t\t\t\t\t<\/p>\n\t\t\t\t\t\t\t\t\t\t\t\t\t\t\t\t\t\t\t\t\t\t\t\t\t<div \n\t\t\t\t\t\t\t\t\t\t\t\t\tstyle=\"width:170px;\"\t\t\t\t\t\t\t\t\t\t\t\t\tclass=\"gllr_single_image_text gllr_single_image_text_under\">Sukuseuran puheenjohtaja lausuu l\u00e4sn\u00e4olijat tervetulleiksi.&nbsp;<\/div>\n\t\t\t\t\t\t\t\t\t\t\t\t\t\t\t\t\t\t\t\t\t\t\t<\/div><!-- .gllr_image_block -->\n\t\t\t\t\t\t\t\t\t\t\t\t\t\t\t\t\t\t\t\t\t<\/div><!-- .gllr_image_row -->\n\t\t\t\t\t\t\t\t\t\t\t\t\t\t\t\t\t\t\t\t\t\t<div class=\"gllr_image_row\">\n\t\t\t\t\t\t\t\t\t\t\t\t\t\t\t\t\t\t\t\t\t<div class=\"gllr_image_block\">\n\t\t\t\t\t\t\t\t\t\t\t\t<p style=\"\n\t\t\t\t\t\t\t\t\t\t\t\twidth:170px;height:170px;\t\t\t\t\t\t\t\t\t\t\t\t\">\n\t\t\t\t\t\t\t\t\t\t\t\t\t\t\t\t\t\t\t\t\t\t\t\t\t\t\t\t<a data-fancybox=\"gallery_fancybox_312\" href=\"https:\/\/www.antinseuraajat.net\/wp-content\/uploads\/2013\/04\/Ihmisi\u00e4-pihalla.jpg\" title=\"Kaunis p\u00e4iv\u00e4 innosti ihmiset viihtym\u00e4\u00e4n ulkosalla.\" >\n\t\t\t\t\t\t\t\t\t\t\t\t\t\t\t\t<img decoding=\"async\" width=&quot;150&quot; height=&quot;150&quot; style=\"width:150px; height:150px; border-width: 10px; border-color:#f1f1f1;border: 10px solid #f1f1f1\" alt=\"\" title=\"Kaunis p\u00e4iv\u00e4 innosti ihmiset viihtym\u00e4\u00e4n ulkosalla.\" src=\"https:\/\/www.antinseuraajat.net\/wp-content\/uploads\/2013\/04\/Ihmisi\u00e4-pihalla-150x150.jpg\" rel=\"https:\/\/www.antinseuraajat.net\/wp-content\/uploads\/2013\/04\/Ihmisi\u00e4-pihalla.jpg\" \/>\t\t\t\t\t\t\t\t\t\t\t\t\t\t\t<\/a>\n\t\t\t\t\t\t\t\t\t\t\t\t\t\t\t\t\t\t\t\t\t\t\t\t\t\t<\/p>\n\t\t\t\t\t\t\t\t\t\t\t\t\t\t\t\t\t\t\t\t\t\t\t\t\t<div \n\t\t\t\t\t\t\t\t\t\t\t\t\tstyle=\"width:170px;\"\t\t\t\t\t\t\t\t\t\t\t\t\tclass=\"gllr_single_image_text gllr_single_image_text_under\">Kaunis p\u00e4iv\u00e4 innosti ihmiset viihtym\u00e4\u00e4n ulkosalla.&nbsp;<\/div>\n\t\t\t\t\t\t\t\t\t\t\t\t\t\t\t\t\t\t\t\t\t\t\t<\/div><!-- .gllr_image_block -->\n\t\t\t\t\t\t\t\t\t\t\t\t\t\t\t\t\t\t\t\t\t<div class=\"gllr_image_block\">\n\t\t\t\t\t\t\t\t\t\t\t\t<p style=\"\n\t\t\t\t\t\t\t\t\t\t\t\twidth:170px;height:170px;\t\t\t\t\t\t\t\t\t\t\t\t\">\n\t\t\t\t\t\t\t\t\t\t\t\t\t\t\t\t\t\t\t\t\t\t\t\t\t\t\t\t<a data-fancybox=\"gallery_fancybox_312\" href=\"https:\/\/www.antinseuraajat.net\/wp-content\/uploads\/2013\/04\/Sepp\u00e4sen-suvun-vanhin-Aino-Piepponen-Terijoen-tytt\u00f6j\u00e4.jpg\" title=\"Suvun tiett\u00e4v\u00e4sti vanhin henkil\u00f6, Aino Piepponen (os. Sepp\u00e4nen), on alkujaan Terijoen tytt\u00f6j\u00e4. Oikealla Jouko Sepp\u00e4nen.\" >\n\t\t\t\t\t\t\t\t\t\t\t\t\t\t\t\t<img decoding=\"async\" width=&quot;150&quot; height=&quot;150&quot; style=\"width:150px; height:150px; border-width: 10px; border-color:#f1f1f1;border: 10px solid #f1f1f1\" alt=\"\" title=\"Suvun tiett\u00e4v\u00e4sti vanhin henkil\u00f6, Aino Piepponen (os. Sepp\u00e4nen), on alkujaan Terijoen tytt\u00f6j\u00e4. Oikealla Jouko Sepp\u00e4nen.\" src=\"https:\/\/www.antinseuraajat.net\/wp-content\/uploads\/2013\/04\/Sepp\u00e4sen-suvun-vanhin-Aino-Piepponen-Terijoen-tytt\u00f6j\u00e4-150x150.jpg\" rel=\"https:\/\/www.antinseuraajat.net\/wp-content\/uploads\/2013\/04\/Sepp\u00e4sen-suvun-vanhin-Aino-Piepponen-Terijoen-tytt\u00f6j\u00e4.jpg\" \/>\t\t\t\t\t\t\t\t\t\t\t\t\t\t\t<\/a>\n\t\t\t\t\t\t\t\t\t\t\t\t\t\t\t\t\t\t\t\t\t\t\t\t\t\t<\/p>\n\t\t\t\t\t\t\t\t\t\t\t\t\t\t\t\t\t\t\t\t\t\t\t\t\t<div \n\t\t\t\t\t\t\t\t\t\t\t\t\tstyle=\"width:170px;\"\t\t\t\t\t\t\t\t\t\t\t\t\tclass=\"gllr_single_image_text gllr_single_image_text_under\">Suvun tiett\u00e4v\u00e4sti vanhin henkil\u00f6, Aino Piepponen (os. Sepp\u00e4nen), on alkujaan Terijoen tytt\u00f6j\u00e4. Oikealla Jouko Sepp\u00e4nen.&nbsp;<\/div>\n\t\t\t\t\t\t\t\t\t\t\t\t\t\t\t\t\t\t\t\t\t\t\t<\/div><!-- .gllr_image_block -->\n\t\t\t\t\t\t\t\t\t\t\t\t\t\t\t\t\t\t\t\t\t<div class=\"gllr_image_block\">\n\t\t\t\t\t\t\t\t\t\t\t\t<p style=\"\n\t\t\t\t\t\t\t\t\t\t\t\twidth:170px;height:170px;\t\t\t\t\t\t\t\t\t\t\t\t\">\n\t\t\t\t\t\t\t\t\t\t\t\t\t\t\t\t\t\t\t\t\t\t\t\t\t\t\t\t<a data-fancybox=\"gallery_fancybox_312\" href=\"https:\/\/www.antinseuraajat.net\/wp-content\/uploads\/2013\/04\/Sukua-nuoremmasta-p\u00e4\u00e4st\u00e4.jpg\" title=\"Sukua nuoremmasta p\u00e4\u00e4st\u00e4, Linnea ja Urho Jaakkola is\u00e4ns\u00e4 ja \u00e4itins\u00e4 seurassa.\" >\n\t\t\t\t\t\t\t\t\t\t\t\t\t\t\t\t<img decoding=\"async\" width=&quot;150&quot; height=&quot;150&quot; style=\"width:150px; height:150px; border-width: 10px; border-color:#f1f1f1;border: 10px solid #f1f1f1\" alt=\"\" title=\"Sukua nuoremmasta p\u00e4\u00e4st\u00e4, Linnea ja Urho Jaakkola is\u00e4ns\u00e4 ja \u00e4itins\u00e4 seurassa.\" src=\"https:\/\/www.antinseuraajat.net\/wp-content\/uploads\/2013\/04\/Sukua-nuoremmasta-p\u00e4\u00e4st\u00e4-150x150.jpg\" rel=\"https:\/\/www.antinseuraajat.net\/wp-content\/uploads\/2013\/04\/Sukua-nuoremmasta-p\u00e4\u00e4st\u00e4.jpg\" \/>\t\t\t\t\t\t\t\t\t\t\t\t\t\t\t<\/a>\n\t\t\t\t\t\t\t\t\t\t\t\t\t\t\t\t\t\t\t\t\t\t\t\t\t\t<\/p>\n\t\t\t\t\t\t\t\t\t\t\t\t\t\t\t\t\t\t\t\t\t\t\t\t\t<div \n\t\t\t\t\t\t\t\t\t\t\t\t\tstyle=\"width:170px;\"\t\t\t\t\t\t\t\t\t\t\t\t\tclass=\"gllr_single_image_text gllr_single_image_text_under\">Sukua nuoremmasta p\u00e4\u00e4st\u00e4, Linnea ja Urho Jaakkola is\u00e4ns\u00e4 ja \u00e4itins\u00e4 seurassa.&nbsp;<\/div>\n\t\t\t\t\t\t\t\t\t\t\t\t\t\t\t\t\t\t\t\t\t\t\t<\/div><!-- .gllr_image_block -->\n\t\t\t\t\t\t\t\t\t\t\t\t\t\t\t\t\t\t\t\t\t<\/div><!-- .gllr_image_row -->\n\t\t\t\t\t\t\t\t\t\t\t\t\t\t\t\t\t\t\t\t\t\t<div class=\"gllr_image_row\">\n\t\t\t\t\t\t\t\t\t\t\t\t\t\t\t\t\t\t\t\t\t<div class=\"gllr_image_block\">\n\t\t\t\t\t\t\t\t\t\t\t\t<p style=\"\n\t\t\t\t\t\t\t\t\t\t\t\twidth:170px;height:170px;\t\t\t\t\t\t\t\t\t\t\t\t\">\n\t\t\t\t\t\t\t\t\t\t\t\t\t\t\t\t\t\t\t\t\t\t\t\t\t\t\t\t<a data-fancybox=\"gallery_fancybox_312\" href=\"https:\/\/www.antinseuraajat.net\/wp-content\/uploads\/2013\/04\/Tietokilpailu.jpg\" title=\"Kannakselaisaiheinen tietokilpailu ker\u00e4si l\u00e4hes kaikki J\u00e4rvel\u00e4n saliin. Kilpailu k\u00e4ytiin joukkueittain.\" >\n\t\t\t\t\t\t\t\t\t\t\t\t\t\t\t\t<img decoding=\"async\" width=&quot;150&quot; height=&quot;150&quot; style=\"width:150px; height:150px; border-width: 10px; border-color:#f1f1f1;border: 10px solid #f1f1f1\" alt=\"\" title=\"Kannakselaisaiheinen tietokilpailu ker\u00e4si l\u00e4hes kaikki J\u00e4rvel\u00e4n saliin. Kilpailu k\u00e4ytiin joukkueittain.\" src=\"https:\/\/www.antinseuraajat.net\/wp-content\/uploads\/2013\/04\/Tietokilpailu-150x150.jpg\" rel=\"https:\/\/www.antinseuraajat.net\/wp-content\/uploads\/2013\/04\/Tietokilpailu.jpg\" \/>\t\t\t\t\t\t\t\t\t\t\t\t\t\t\t<\/a>\n\t\t\t\t\t\t\t\t\t\t\t\t\t\t\t\t\t\t\t\t\t\t\t\t\t\t<\/p>\n\t\t\t\t\t\t\t\t\t\t\t\t\t\t\t\t\t\t\t\t\t\t\t\t\t<div \n\t\t\t\t\t\t\t\t\t\t\t\t\tstyle=\"width:170px;\"\t\t\t\t\t\t\t\t\t\t\t\t\tclass=\"gllr_single_image_text gllr_single_image_text_under\">Kannakselaisaiheinen tietokilpailu ker\u00e4si l\u00e4hes kaikki J\u00e4rvel\u00e4n saliin. Kilpailu k\u00e4ytiin joukkueittain.&nbsp;<\/div>\n\t\t\t\t\t\t\t\t\t\t\t\t\t\t\t\t\t\t\t\t\t\t\t<\/div><!-- .gllr_image_block -->\n\t\t\t\t\t\t\t\t\t\t\t\t\t\t\t\t\t\t\t\t\t<div class=\"gllr_image_block\">\n\t\t\t\t\t\t\t\t\t\t\t\t<p style=\"\n\t\t\t\t\t\t\t\t\t\t\t\twidth:170px;height:170px;\t\t\t\t\t\t\t\t\t\t\t\t\">\n\t\t\t\t\t\t\t\t\t\t\t\t\t\t\t\t\t\t\t\t\t\t\t\t\t\t\t\t<a data-fancybox=\"gallery_fancybox_312\" href=\"https:\/\/www.antinseuraajat.net\/wp-content\/uploads\/2013\/04\/Tietokilpailun-voittajapari.jpg\" title=\"Tietokilpailun voittajapari, Heikki Turkki ja Sari Peltom\u00e4ki edustivat suvun toista Valkj\u00e4rvelle Myhkyril\u00e4st\u00e4 siirtynytt\u00e4 haaraa.\" >\n\t\t\t\t\t\t\t\t\t\t\t\t\t\t\t\t<img decoding=\"async\" width=&quot;150&quot; height=&quot;150&quot; style=\"width:150px; height:150px; border-width: 10px; border-color:#f1f1f1;border: 10px solid #f1f1f1\" alt=\"\" title=\"Tietokilpailun voittajapari, Heikki Turkki ja Sari Peltom\u00e4ki edustivat suvun toista Valkj\u00e4rvelle Myhkyril\u00e4st\u00e4 siirtynytt\u00e4 haaraa.\" src=\"https:\/\/www.antinseuraajat.net\/wp-content\/uploads\/2013\/04\/Tietokilpailun-voittajapari-150x150.jpg\" rel=\"https:\/\/www.antinseuraajat.net\/wp-content\/uploads\/2013\/04\/Tietokilpailun-voittajapari.jpg\" \/>\t\t\t\t\t\t\t\t\t\t\t\t\t\t\t<\/a>\n\t\t\t\t\t\t\t\t\t\t\t\t\t\t\t\t\t\t\t\t\t\t\t\t\t\t<\/p>\n\t\t\t\t\t\t\t\t\t\t\t\t\t\t\t\t\t\t\t\t\t\t\t\t\t<div \n\t\t\t\t\t\t\t\t\t\t\t\t\tstyle=\"width:170px;\"\t\t\t\t\t\t\t\t\t\t\t\t\tclass=\"gllr_single_image_text gllr_single_image_text_under\">Tietokilpailun voittajapari, Heikki Turkki ja Sari Peltom\u00e4ki edustivat suvun toista Valkj\u00e4rvelle Myhkyril\u00e4st\u00e4 siirtynytt\u00e4 haaraa.&nbsp;<\/div>\n\t\t\t\t\t\t\t\t\t\t\t\t\t\t\t\t\t\t\t\t\t\t\t<\/div><!-- .gllr_image_block -->\n\t\t\t\t\t\t\t\t\t\t\t\t\t\t\t\t\t\t\t\t\t<div class=\"gllr_image_block\">\n\t\t\t\t\t\t\t\t\t\t\t\t<p style=\"\n\t\t\t\t\t\t\t\t\t\t\t\twidth:170px;height:170px;\t\t\t\t\t\t\t\t\t\t\t\t\">\n\t\t\t\t\t\t\t\t\t\t\t\t\t\t\t\t\t\t\t\t\t\t\t\t\t\t\t\t<a data-fancybox=\"gallery_fancybox_312\" href=\"https:\/\/www.antinseuraajat.net\/wp-content\/uploads\/2013\/04\/Mustaa-ja-valkoista.jpg\" title=\"Sukuseuran nelijalkaisia.\" >\n\t\t\t\t\t\t\t\t\t\t\t\t\t\t\t\t<img decoding=\"async\" width=&quot;150&quot; height=&quot;150&quot; style=\"width:150px; height:150px; border-width: 10px; border-color:#f1f1f1;border: 10px solid #f1f1f1\" alt=\"\" title=\"Sukuseuran nelijalkaisia.\" src=\"https:\/\/www.antinseuraajat.net\/wp-content\/uploads\/2013\/04\/Mustaa-ja-valkoista-150x150.jpg\" rel=\"https:\/\/www.antinseuraajat.net\/wp-content\/uploads\/2013\/04\/Mustaa-ja-valkoista.jpg\" \/>\t\t\t\t\t\t\t\t\t\t\t\t\t\t\t<\/a>\n\t\t\t\t\t\t\t\t\t\t\t\t\t\t\t\t\t\t\t\t\t\t\t\t\t\t<\/p>\n\t\t\t\t\t\t\t\t\t\t\t\t\t\t\t\t\t\t\t\t\t\t\t\t\t<div \n\t\t\t\t\t\t\t\t\t\t\t\t\tstyle=\"width:170px;\"\t\t\t\t\t\t\t\t\t\t\t\t\tclass=\"gllr_single_image_text gllr_single_image_text_under\">Sukuseuran nelijalkaisia.&nbsp;<\/div>\n\t\t\t\t\t\t\t\t\t\t\t\t\t\t\t\t\t\t\t\t\t\t\t<\/div><!-- .gllr_image_block -->\n\t\t\t\t\t\t\t\t\t\t\t\t\t\t\t\t\t\t\t\t\t<\/div><!-- .gllr_image_row -->\n\t\t\t\t\t\t\t\t\t\t\t\t\t\t\t\t\t\t\t\t\t\t<div class=\"gllr_image_row\">\n\t\t\t\t\t\t\t\t\t\t\t\t\t\t\t\t\t\t\t\t\t<div class=\"gllr_image_block\">\n\t\t\t\t\t\t\t\t\t\t\t\t<p style=\"\n\t\t\t\t\t\t\t\t\t\t\t\twidth:170px;height:170px;\t\t\t\t\t\t\t\t\t\t\t\t\">\n\t\t\t\t\t\t\t\t\t\t\t\t\t\t\t\t\t\t\t\t\t\t\t\t\t\t\t\t<a data-fancybox=\"gallery_fancybox_312\" href=\"https:\/\/www.antinseuraajat.net\/wp-content\/uploads\/2013\/04\/Mirja-ja-haukku.jpg\" title=\"Sukuseuran varapuheenjohtaja Mirja Anolin tervehtii nelijalkaista vierasta.\" >\n\t\t\t\t\t\t\t\t\t\t\t\t\t\t\t\t<img decoding=\"async\" width=&quot;150&quot; height=&quot;150&quot; style=\"width:150px; height:150px; border-width: 10px; border-color:#f1f1f1;border: 10px solid #f1f1f1\" alt=\"\" title=\"Sukuseuran varapuheenjohtaja Mirja Anolin tervehtii nelijalkaista vierasta.\" src=\"https:\/\/www.antinseuraajat.net\/wp-content\/uploads\/2013\/04\/Mirja-ja-haukku-150x150.jpg\" rel=\"https:\/\/www.antinseuraajat.net\/wp-content\/uploads\/2013\/04\/Mirja-ja-haukku.jpg\" \/>\t\t\t\t\t\t\t\t\t\t\t\t\t\t\t<\/a>\n\t\t\t\t\t\t\t\t\t\t\t\t\t\t\t\t\t\t\t\t\t\t\t\t\t\t<\/p>\n\t\t\t\t\t\t\t\t\t\t\t\t\t\t\t\t\t\t\t\t\t\t\t\t\t<div \n\t\t\t\t\t\t\t\t\t\t\t\t\tstyle=\"width:170px;\"\t\t\t\t\t\t\t\t\t\t\t\t\tclass=\"gllr_single_image_text gllr_single_image_text_under\">Sukuseuran varapuheenjohtaja Mirja Anolin tervehtii nelijalkaista vierasta.&nbsp;<\/div>\n\t\t\t\t\t\t\t\t\t\t\t\t\t\t\t\t\t\t\t\t\t\t\t<\/div><!-- .gllr_image_block -->\n\t\t\t\t\t\t\t\t\t\t\t\t\t\t\t\t\t\t\t\t\t<div class=\"gllr_image_block\">\n\t\t\t\t\t\t\t\t\t\t\t\t<p style=\"\n\t\t\t\t\t\t\t\t\t\t\t\twidth:170px;height:170px;\t\t\t\t\t\t\t\t\t\t\t\t\">\n\t\t\t\t\t\t\t\t\t\t\t\t\t\t\t\t\t\t\t\t\t\t\t\t\t\t\t\t<a data-fancybox=\"gallery_fancybox_312\" href=\"https:\/\/www.antinseuraajat.net\/wp-content\/uploads\/2013\/04\/Sinilev\u00e4\u00e4.jpg\" title=\"Sinilev\u00e4 pilasi uintimahdollisuudet, mik\u00e4 kiukutti nuorimmaisia ja saunojia.\" >\n\t\t\t\t\t\t\t\t\t\t\t\t\t\t\t\t<img decoding=\"async\" width=&quot;150&quot; height=&quot;150&quot; style=\"width:150px; height:150px; border-width: 10px; border-color:#f1f1f1;border: 10px solid #f1f1f1\" alt=\"\" title=\"Sinilev\u00e4 pilasi uintimahdollisuudet, mik\u00e4 kiukutti nuorimmaisia ja saunojia.\" src=\"https:\/\/www.antinseuraajat.net\/wp-content\/uploads\/2013\/04\/Sinilev\u00e4\u00e4-150x150.jpg\" rel=\"https:\/\/www.antinseuraajat.net\/wp-content\/uploads\/2013\/04\/Sinilev\u00e4\u00e4.jpg\" \/>\t\t\t\t\t\t\t\t\t\t\t\t\t\t\t<\/a>\n\t\t\t\t\t\t\t\t\t\t\t\t\t\t\t\t\t\t\t\t\t\t\t\t\t\t<\/p>\n\t\t\t\t\t\t\t\t\t\t\t\t\t\t\t\t\t\t\t\t\t\t\t\t\t<div \n\t\t\t\t\t\t\t\t\t\t\t\t\tstyle=\"width:170px;\"\t\t\t\t\t\t\t\t\t\t\t\t\tclass=\"gllr_single_image_text gllr_single_image_text_under\">Sinilev\u00e4 pilasi uintimahdollisuudet, mik\u00e4 kiukutti nuorimmaisia ja saunojia.&nbsp;<\/div>\n\t\t\t\t\t\t\t\t\t\t\t\t\t\t\t\t\t\t\t\t\t\t\t<\/div><!-- .gllr_image_block -->\n\t\t\t\t\t\t\t\t\t\t\t\t\t\t\t\t\t\t\t\t\t<div class=\"clear\"><\/div>\n\t\t\t\t\t\t\t\t\t\t<\/div><!-- .gllr_image_row -->\n\t\t\t\t\t\t\t\t\t\t\t\t\t\t\t\t\t<\/div><!-- .gallery.clearfix -->\n\t\t\t\t\t\t\t\t\t\t\t\t\t\t<\/div><!-- .gallery_box_single -->\n\t\t\t\t\t\t<div class=\"gllr_clear\"><\/div>\n\t\t\t\t\t\t\n","protected":false},"excerpt":{"rendered":"<p>Sukuseuran ensimm\u00e4inen sukutapaaminen pidettiin 18. elokuuta 2012.\u00a0 Paikkana oli lomakoti J\u00e4rvel\u00e4 Valkeakoskelle.\u00a0 Idyllinen paikka sijaitsee vehmaan Vanajaveden rannalla.\u00a0 Kaunis ilma suosi tilaisuutta, jossa tavattiin tuttuja ja v\u00e4h\u00e4n tuntemattomampiakin, pelattiin pihapelej\u00e4, sy\u00f6tii, juotiin kahvit, pidettiin kannakselaisaiheinen tietokilpailu ja arvottiin valtava m\u00e4\u00e4r\u00e4 lahjaksi saatuja palkintoja.\u00a0 Innokkaimmat ottivat my\u00f6s makoisat l\u00f6ylyt J\u00e4rvel\u00e4n saunassa.\u00a0 Uimisen esti J\u00e4rvel\u00e4n rannassa lillunut [&hellip;]<\/p>\n","protected":false},"author":2,"featured_media":0,"parent":330,"menu_order":4,"comment_status":"closed","ping_status":"closed","template":"","meta":{"footnotes":""},"class_list":["post-334","page","type-page","status-publish","hentry"],"_links":{"self":[{"href":"https:\/\/www.antinseuraajat.net\/index.php?rest_route=\/wp\/v2\/pages\/334","targetHints":{"allow":["GET"]}}],"collection":[{"href":"https:\/\/www.antinseuraajat.net\/index.php?rest_route=\/wp\/v2\/pages"}],"about":[{"href":"https:\/\/www.antinseuraajat.net\/index.php?rest_route=\/wp\/v2\/types\/page"}],"author":[{"embeddable":true,"href":"https:\/\/www.antinseuraajat.net\/index.php?rest_route=\/wp\/v2\/users\/2"}],"replies":[{"embeddable":true,"href":"https:\/\/www.antinseuraajat.net\/index.php?rest_route=%2Fwp%2Fv2%2Fcomments&post=334"}],"version-history":[{"count":4,"href":"https:\/\/www.antinseuraajat.net\/index.php?rest_route=\/wp\/v2\/pages\/334\/revisions"}],"predecessor-version":[{"id":1404,"href":"https:\/\/www.antinseuraajat.net\/index.php?rest_route=\/wp\/v2\/pages\/334\/revisions\/1404"}],"up":[{"embeddable":true,"href":"https:\/\/www.antinseuraajat.net\/index.php?rest_route=\/wp\/v2\/pages\/330"}],"wp:attachment":[{"href":"https:\/\/www.antinseuraajat.net\/index.php?rest_route=%2Fwp%2Fv2%2Fmedia&parent=334"}],"curies":[{"name":"wp","href":"https:\/\/api.w.org\/{rel}","templated":true}]}}