{"id":386,"date":"2013-04-28T10:47:50","date_gmt":"2013-04-28T08:47:50","guid":{"rendered":"http:\/\/www.antinseuraajat.net\/?page_id=386"},"modified":"2020-01-27T19:57:42","modified_gmt":"2020-01-27T17:57:42","slug":"jasenrekisteriseloste","status":"publish","type":"page","link":"https:\/\/www.antinseuraajat.net\/?page_id=386","title":{"rendered":"J\u00e4senrekisteriseloste"},"content":{"rendered":"<p><!-- [if gte mso 9]><xml>\n<o:OfficeDocumentSettings>\n<o:DoNotRelyOnCSS\/>\n<\/o:OfficeDocumentSettings>\n<\/xml><![endif]--><\/p>\n<p><!-- [if gte mso 9]><xml>\n<w:WordDocument>\n<w:View>Normal<\/w:View>\n<w:Zoom>0<\/w:Zoom>\n<w:HyphenationZone>21<\/w:HyphenationZone>\n<w:PunctuationKerning\/>\n<w:ValidateAgainstSchemas\/>\n<w:SaveIfXMLInvalid>false<\/w:SaveIfXMLInvalid>\n<w:IgnoreMixedContent>false<\/w:IgnoreMixedContent>\n<w:AlwaysShowPlaceholderText>false<\/w:AlwaysShowPlaceholderText>\n<w:Compatibility>\n<w:BreakWrappedTables\/>\n<w:SnapToGridInCell\/>\n<w:WrapTextWithPunct\/>\n<w:UseAsianBreakRules\/>\n<w:DontGrowAutofit\/>\n<\/w:Compatibility>\n<w:DoNotOptimizeForBrowser\/>\n<\/w:WordDocument>\n<\/xml><![endif]--><!-- [if gte mso 9]><xml>\n<w:LatentStyles DefLockedState=\"false\" LatentStyleCount=\"156\">\n<\/w:LatentStyles>\n<\/xml><![endif]--><!-- [if gte mso 10]>\n\n\n\n<style>\n \/* Style Definitions *\/<br \/> table.MsoNormalTable<br \/>\t{mso-style-name:\"Table Normal\";<br \/>\tmso-tstyle-rowband-size:0;<br \/>\tmso-tstyle-colband-size:0;<br \/>\tmso-style-noshow:yes;<br \/>\tmso-style-parent:\"\";<br \/>\tmso-padding-alt:0cm 5.4pt 0cm 5.4pt;<br \/>\tmso-para-margin:0cm;<br \/>\tmso-para-margin-bottom:.0001pt;<br \/>\tmso-pagination:widow-orphan;<br \/>\tfont-size:10.0pt;<br \/>\tfont-family:\"Times New Roman\";<br \/>\tmso-ansi-language:#0400;<br \/>\tmso-fareast-language:#0400;<br \/>\tmso-bidi-language:#0400;}<br \/><\/style>\n\n<![endif]--><\/p>\n<p class=\"default\"><b><span style=\"font-family: Times New Roman; font-size: medium;\"><span style=\"font-size: 12.0pt; font-weight: bold;\">\u00a0\u00a0\u00a0\u00a0\u00a0\u00a0\u00a0\u00a0\u00a0\u00a0\u00a0\u00a0\u00a0\u00a0\u00a0\u00a0\u00a0\u00a0\u00a0\u00a0\u00a0\u00a0\u00a0 <\/span><\/span><\/b><\/p>\n<p><b><span style=\"font-family: Times New Roman; font-size: medium;\"><span style=\"font-size: 12.0pt; font-weight: bold;\">Viite:<span style=\"mso-spacerun: yes;\">\u00a0 <\/span><\/span><\/span><\/b><span style=\"mso-bidi-font-weight: bold;\">Henkil\u00f6tietolaki (523\/99) 10 \u00a7 \u00a0\u00a0\u00a0\u00a0\u00a0\u00a0\u00a0\u00a0\u00a0\u00a0\u00a0\u00a0\u00a0\u00a0\u00a0\u00a0\u00a0\u00a0\u00a0\u00a0\u00a0\u00a0\u00a0\u00a0\u00a0 <span style=\"mso-spacerun: yes;\">\u00a0\u00a0<\/span><\/span><\/p>\n<p class=\"default\"><b style=\"mso-bidi-font-weight: normal;\"><span style=\"font-family: Times New Roman; font-size: medium;\"><span style=\"font-size: 12.0pt; font-weight: bold; mso-bidi-font-weight: normal;\">Laatimisp\u00e4iv\u00e4ys: <\/span><\/span><\/b><span style=\"mso-spacerun: yes;\">\u00a0<\/span><span style=\"font-size: small;\"><span style=\"font-size: 11.0pt;\">18.02.2012 <\/span><\/span>\/ P\u00e4ivitetty: <span style=\"mso-spacerun: yes;\">\u00a0<\/span>26.04.2013<\/p>\n<p class=\"default\"><span style=\"font-family: Times New Roman; font-size: medium;\"><span style=\"font-size: 12.0pt;\">\u00a0<\/span><\/span><\/p>\n<p class=\"default\"><b><span style=\"font-family: Times New Roman; font-size: medium;\"><span style=\"font-size: 12.0pt; font-weight: bold;\">1. Rekisterinpit\u00e4j\u00e4 <\/span><\/span><\/b><\/p>\n<p class=\"default\"><span style=\"font-family: Times New Roman; font-size: medium;\"><span style=\"font-size: 12.0pt; mso-bidi-font-weight: bold;\">Sukuseura Antti Sepp\u00e4sen j\u00e4lkel\u00e4iset ry<\/span> <\/span><\/p>\n<p class=\"default\"><span style=\"font-family: Times New Roman; font-size: medium;\"><span style=\"font-size: 12.0pt;\">Yhteystiedot: <\/span><\/span><\/p>\n<ul>\n<li><span style=\"font-family: Times New Roman; font-size: medium;\"><span style=\"font-size: 12.0pt;\">puheenjohtaja, Tommi Tienhaara, Ruispolku 2-4 B6,<span style=\"mso-spacerun: yes;\">\u00a0 <\/span>01840 Klaukkala<\/span><\/span><\/li>\n<li><span style=\"font-family: Times New Roman; font-size: medium;\"><span style=\"font-size: 12.0pt;\">varapuheenjohtaja, Raimo M\u00e4kinen, <span style=\"mso-spacerun: yes;\"> Lepp\u00e4stentie 6 A3<\/span><\/span><\/span><span style=\"font-family: Times New Roman; font-size: medium;\"><span style=\"font-size: 12.0pt;\">, <span style=\"mso-spacerun: yes;\">\u00a0\u00a0<\/span>37600 Valkeakoski<\/span><\/span><\/li>\n<li><span style=\"font-family: Times New Roman; font-size: medium;\"><span style=\"font-size: 12.0pt;\">sihteeri, Liisa Lehtonen, Hanhilaukuntie 1 A 1, 01840 Klaukkala<\/span><\/span><\/li>\n<\/ul>\n<p class=\"default\"><b><span style=\"font-family: Times New Roman; font-size: medium;\"><span style=\"font-size: 12.0pt; font-weight: bold;\">\u00a0<\/span><\/span><\/b><\/p>\n<p class=\"default\"><b><span style=\"font-family: Times New Roman; font-size: medium;\"><span style=\"font-size: 12.0pt; font-weight: bold;\">2. Rekisteriasioista vastaava henkil\u00f6 <\/span><\/span><\/b><\/p>\n<p class=\"default\"><span style=\"font-family: Times New Roman; font-size: medium;\"><span style=\"font-size: 12.0pt;\">J\u00e4senrekisterinhoitaja: <span style=\"mso-spacerun: yes;\">\u00a0<\/span>Nina Tienhaara<span style=\"font-size: medium;\">.\u00a0 <\/span>Yhteystiedot: <span style=\"mso-spacerun: yes;\"> Ruispolku 2-4 B6, 01840 Klaukkala<\/span><\/span><\/span><\/p>\n<p class=\"default\"><b><span style=\"font-family: Times New Roman; font-size: medium;\"><span style=\"font-size: 12.0pt; font-weight: bold;\">\u00a0<\/span><\/span><\/b><\/p>\n<p class=\"default\"><b><span style=\"font-family: Times New Roman; font-size: medium;\"><span style=\"font-size: 12.0pt; font-weight: bold;\">3. Rekisterin nimi <\/span><\/span><\/b><\/p>\n<p class=\"default\"><span style=\"font-family: Times New Roman; font-size: medium;\"><span style=\"font-size: 12.0pt;\">Sukuseura Antti Sepp\u00e4sen j\u00e4lkel\u00e4iset ry:n j\u00e4senrekisteri <\/span><\/span><\/p>\n<p class=\"default\"><b><span style=\"font-family: Times New Roman; font-size: medium;\"><span style=\"font-size: 12.0pt; font-weight: bold;\">\u00a0<\/span><\/span><\/b><\/p>\n<p class=\"default\"><b><span style=\"font-family: Times New Roman; font-size: medium;\"><span style=\"font-size: 12.0pt; font-weight: bold;\">4. Henkil\u00f6tietojen k\u00e4sittelyn tarkoitus <\/span><\/span><\/b><\/p>\n<p class=\"default\"><span style=\"font-family: Times New Roman; font-size: medium;\"><span style=\"font-size: 12.0pt;\">Yhdistyslain 11 \u00a7:ss\u00e4 tarkoitettu j\u00e4senluettelo yhdistyksen j\u00e4senist\u00e4. <\/span><\/span><\/p>\n<p class=\"default\"><b><span style=\"font-family: Times New Roman; font-size: medium;\"><span style=\"font-size: 12.0pt; font-weight: bold;\">\u00a0<\/span><\/span><\/b><\/p>\n<p class=\"default\"><b><span style=\"font-family: Times New Roman; font-size: medium;\"><span style=\"font-size: 12.0pt; font-weight: bold;\">5. Rekisterin tietosis\u00e4lt\u00f6 <\/span><\/span><\/b><\/p>\n<p class=\"default\"><span style=\"font-family: Times New Roman; font-size: medium;\"><span style=\"font-size: 12.0pt;\">J\u00e4senten nimet, syntym\u00e4ajat, -paikat, osoitteet, kotipaikat, puhelin- ja s\u00e4hk\u00f6postitiedot sek\u00e4 j\u00e4seneksi liittymis- ja eroamistiedot ja liittymis- ja j\u00e4senmaksu- sek\u00e4 karhuamistiedot. <\/span><\/span><\/p>\n<p class=\"default\"><span style=\"font-family: Times New Roman; font-size: medium;\"><span style=\"font-size: 12.0pt;\">J\u00e4senryhm\u00e4t yhdistyksen s\u00e4\u00e4nt\u00f6jen mukaan kuten kunniapuheenjohtaja ja kunniaj\u00e4senet, varsinaiset j\u00e4senet sek\u00e4 vapaa-, kannatus- ja yhteis\u00f6j\u00e4senet ja muut yhdistyksen p\u00e4\u00e4tt\u00e4m\u00e4t tarpeelliset tiedot. <\/span><\/span><\/p>\n<p class=\"default\"><b><span style=\"font-family: Times New Roman; font-size: medium;\"><span style=\"font-size: 12.0pt; font-weight: bold;\">\u00a0<\/span><\/span><\/b><\/p>\n<p class=\"default\"><b><span style=\"font-family: Times New Roman; font-size: medium;\"><span style=\"font-size: 12.0pt; font-weight: bold;\">6. Rekisterin s\u00e4\u00e4nn\u00f6nmukaiset tietol\u00e4hteet <\/span><\/span><\/b><\/p>\n<p class=\"default\"><span style=\"font-family: Times New Roman; font-size: medium;\"><span style=\"font-size: 12.0pt;\">J\u00e4senilt\u00e4, heid\u00e4n l\u00e4heisilt\u00e4\u00e4n sek\u00e4 vainajien omaisilta ja julkisista l\u00e4hteist\u00e4 saadut tiedot.\u00a0 Kirjanpidosta saadut tiedot j\u00e4sen- ja muiden yhdistyksen maksujen suorituksista. <\/span><\/span><\/p>\n<p class=\"default\"><b><span style=\"font-family: Times New Roman; font-size: medium;\"><span style=\"font-size: 12.0pt; font-weight: bold;\">\u00a0<\/span><\/span><\/b><\/p>\n<p class=\"default\"><b><span style=\"font-family: Times New Roman; font-size: medium;\"><span style=\"font-size: 12.0pt; font-weight: bold;\">7. S\u00e4\u00e4nn\u00f6nmukaiset tietojen luovutukset ja tietojen siirto EU:n tai Euroopan talousalueen ulkopuolelle <\/span><\/span><\/b><\/p>\n<p class=\"default\"><span style=\"font-family: Times New Roman; font-size: medium;\"><span style=\"font-size: 12.0pt;\">Tietoja luovutetaan vain sukuseuran hallituksen j\u00e4senille taikka hallituksen erikseen tekem\u00e4ll\u00e4 p\u00e4\u00e4t\u00f6ksell\u00e4 seuran j\u00e4senelle, joka on niit\u00e4 pyyt\u00e4nyt. J\u00e4senluettelo toimitetaan vuosittain sukuseuran hallitukselle tarkistettavaksi kunkin vuoden ensimm\u00e4iseen hallituksen kokoukseen. Samalla vahvistetaan sukuseuran j\u00e4senm\u00e4\u00e4r\u00e4 edellisen vuoden osalta toimintakertomukseen. <\/span><\/span><\/p>\n<p class=\"default\"><b><span style=\"font-family: Times New Roman; font-size: medium;\"><span style=\"font-size: 12.0pt; font-weight: bold;\">\u00a0<\/span><\/span><\/b><\/p>\n<p class=\"default\"><b><span style=\"font-family: Times New Roman; font-size: medium;\"><span style=\"font-size: 12.0pt; font-weight: bold;\">8. Rekisterin suojauksen periaatteet <\/span><\/span><\/b><\/p>\n<p class=\"MsoNormal\" style=\"mso-margin-top-alt: auto; mso-margin-bottom-alt: auto;\"><span style=\"font-family: Times New Roman; font-size: medium;\"><span style=\"font-size: 12.0pt;\">Sukuseuran j\u00e4senasioista vastaavalla henkil\u00f6ll\u00e4 on rekisteriin p\u00e4\u00e4syoikeus atk:lla talletettuihin tietoihin sek\u00e4 oikeus rekisteriss\u00e4 muuttaa, lis\u00e4t\u00e4 tai poistaa tietoja. Tiedot s\u00e4ilytet\u00e4\u00e4n parhaiden k\u00e4yt\u00e4nt\u00f6jen, hyv\u00e4n tietoturvallisuuden ja lains\u00e4\u00e4d\u00e4nn\u00f6n vaatimusten mukaisesti ulkopuolisilta suojattuna. <\/span><\/span><\/p>\n<p class=\"MsoNormal\"><span style=\"font-family: Times New Roman; font-size: medium;\"><span style=\"font-size: 12.0pt;\">\u00a0<\/span><\/span><\/p>\n","protected":false},"excerpt":{"rendered":"<p>\u00a0\u00a0\u00a0\u00a0\u00a0\u00a0\u00a0\u00a0\u00a0\u00a0\u00a0\u00a0\u00a0\u00a0\u00a0\u00a0\u00a0\u00a0\u00a0\u00a0\u00a0\u00a0\u00a0 Viite:\u00a0 Henkil\u00f6tietolaki (523\/99) 10 \u00a7 \u00a0\u00a0\u00a0\u00a0\u00a0\u00a0\u00a0\u00a0\u00a0\u00a0\u00a0\u00a0\u00a0\u00a0\u00a0\u00a0\u00a0\u00a0\u00a0\u00a0\u00a0\u00a0\u00a0\u00a0\u00a0 \u00a0\u00a0 Laatimisp\u00e4iv\u00e4ys: \u00a018.02.2012 \/ P\u00e4ivitetty: \u00a026.04.2013 \u00a0 1. Rekisterinpit\u00e4j\u00e4 Sukuseura Antti Sepp\u00e4sen j\u00e4lkel\u00e4iset ry Yhteystiedot: puheenjohtaja, Tommi Tienhaara, Ruispolku 2-4 B6,\u00a0 01840 Klaukkala varapuheenjohtaja, Raimo M\u00e4kinen, Lepp\u00e4stentie 6 A3, \u00a0\u00a037600 Valkeakoski sihteeri, Liisa Lehtonen, Hanhilaukuntie 1 A 1, 01840 Klaukkala \u00a0 2. Rekisteriasioista vastaava henkil\u00f6 J\u00e4senrekisterinhoitaja: \u00a0Nina Tienhaara.\u00a0 [&hellip;]<\/p>\n","protected":false},"author":2,"featured_media":0,"parent":19,"menu_order":3,"comment_status":"closed","ping_status":"closed","template":"","meta":{"footnotes":""},"class_list":["post-386","page","type-page","status-publish","hentry"],"_links":{"self":[{"href":"https:\/\/www.antinseuraajat.net\/index.php?rest_route=\/wp\/v2\/pages\/386","targetHints":{"allow":["GET"]}}],"collection":[{"href":"https:\/\/www.antinseuraajat.net\/index.php?rest_route=\/wp\/v2\/pages"}],"about":[{"href":"https:\/\/www.antinseuraajat.net\/index.php?rest_route=\/wp\/v2\/types\/page"}],"author":[{"embeddable":true,"href":"https:\/\/www.antinseuraajat.net\/index.php?rest_route=\/wp\/v2\/users\/2"}],"replies":[{"embeddable":true,"href":"https:\/\/www.antinseuraajat.net\/index.php?rest_route=%2Fwp%2Fv2%2Fcomments&post=386"}],"version-history":[{"count":10,"href":"https:\/\/www.antinseuraajat.net\/index.php?rest_route=\/wp\/v2\/pages\/386\/revisions"}],"predecessor-version":[{"id":1327,"href":"https:\/\/www.antinseuraajat.net\/index.php?rest_route=\/wp\/v2\/pages\/386\/revisions\/1327"}],"up":[{"embeddable":true,"href":"https:\/\/www.antinseuraajat.net\/index.php?rest_route=\/wp\/v2\/pages\/19"}],"wp:attachment":[{"href":"https:\/\/www.antinseuraajat.net\/index.php?rest_route=%2Fwp%2Fv2%2Fmedia&parent=386"}],"curies":[{"name":"wp","href":"https:\/\/api.w.org\/{rel}","templated":true}]}}