{"id":397,"date":"2013-05-01T16:37:31","date_gmt":"2013-05-01T14:37:31","guid":{"rendered":"http:\/\/www.antinseuraajat.net\/?page_id=397"},"modified":"2013-05-01T16:37:31","modified_gmt":"2013-05-01T14:37:31","slug":"palaute","status":"publish","type":"page","link":"https:\/\/www.antinseuraajat.net\/?page_id=397","title":{"rendered":"Palaute"},"content":{"rendered":"<div style=\"margin-top:20px;margin-bottom:30px;\">Otamme mielell\u00e4mme vastaan palautetta nettisivuja tai yhdistyst\u00e4 koskien.<br \/>\nVoit l\u00e4hett\u00e4\u00e4 sen meille tai ottaa muuten yhteytt\u00e4 alla olevalla lomakkeella.<\/div>\n","protected":false},"excerpt":{"rendered":"<p>Otamme mielell\u00e4mme vastaan palautetta nettisivuja tai yhdistyst\u00e4 koskien. Voit l\u00e4hett\u00e4\u00e4 sen meille tai ottaa muuten yhteytt\u00e4 alla olevalla lomakkeella.<\/p>\n","protected":false},"author":1,"featured_media":0,"parent":0,"menu_order":0,"comment_status":"closed","ping_status":"closed","template":"page-templates\/page-palaute.php","meta":{"footnotes":""},"class_list":["post-397","page","type-page","status-publish","hentry"],"_links":{"self":[{"href":"https:\/\/www.antinseuraajat.net\/index.php?rest_route=\/wp\/v2\/pages\/397","targetHints":{"allow":["GET"]}}],"collection":[{"href":"https:\/\/www.antinseuraajat.net\/index.php?rest_route=\/wp\/v2\/pages"}],"about":[{"href":"https:\/\/www.antinseuraajat.net\/index.php?rest_route=\/wp\/v2\/types\/page"}],"author":[{"embeddable":true,"href":"https:\/\/www.antinseuraajat.net\/index.php?rest_route=\/wp\/v2\/users\/1"}],"replies":[{"embeddable":true,"href":"https:\/\/www.antinseuraajat.net\/index.php?rest_route=%2Fwp%2Fv2%2Fcomments&post=397"}],"version-history":[{"count":19,"href":"https:\/\/www.antinseuraajat.net\/index.php?rest_route=\/wp\/v2\/pages\/397\/revisions"}],"predecessor-version":[{"id":416,"href":"https:\/\/www.antinseuraajat.net\/index.php?rest_route=\/wp\/v2\/pages\/397\/revisions\/416"}],"wp:attachment":[{"href":"https:\/\/www.antinseuraajat.net\/index.php?rest_route=%2Fwp%2Fv2%2Fmedia&parent=397"}],"curies":[{"name":"wp","href":"https:\/\/api.w.org\/{rel}","templated":true}]}}