{"id":561,"date":"2014-03-21T20:20:14","date_gmt":"2014-03-21T18:20:14","guid":{"rendered":"http:\/\/www.antinseuraajat.net\/?page_id=561"},"modified":"2014-03-21T20:28:12","modified_gmt":"2014-03-21T18:28:12","slug":"kuvia-seppasen-suvusta","status":"publish","type":"page","link":"https:\/\/www.antinseuraajat.net\/?page_id=561","title":{"rendered":"Kuvia Sepp\u00e4sen suvusta"},"content":{"rendered":"\t\t\t\t\t\t<div class=\"gallery_box_single\">\n\t\t\t\t\t\t\tT\u00e4ss\u00e4 galleriassa julkaisemme kuvia Sepp\u00e4sen suvusta ja sen eri haaroista.  Julkaistavaksi halutut kuvat tulee toimittaa selvitysten kera seuran kotisivuja yll\u00e4pit\u00e4v\u00e4lle seuran sihteerille Reino Sepp\u00e4selle. \r\n\r\n\t\t\t\t\t\t\t\t<div class=\"gallery gllr_grid\" data-gllr-columns=\"3\" data-gllr-border-width=\"10\">\n\t\t\t\t\t\t\t\t\t\t\t\t\t\t\t\t\t\t\t\t<div class=\"gllr_image_row\">\n\t\t\t\t\t\t\t\t\t\t\t\t\t\t\t\t\t\t\t\t\t<div class=\"gllr_image_block\">\n\t\t\t\t\t\t\t\t\t\t\t\t<p style=\"\n\t\t\t\t\t\t\t\t\t\t\t\twidth:170px;height:170px;\t\t\t\t\t\t\t\t\t\t\t\t\">\n\t\t\t\t\t\t\t\t\t\t\t\t\t\t\t\t\t\t\t\t\t\t\t\t\t\t\t\t<a data-fancybox=\"gallery_fancybox_545\" href=\"https:\/\/www.antinseuraajat.net\/wp-content\/uploads\/2014\/03\/Seppeleenlasku_2004-1024x686.jpg\" title=\"Karl Adolf Sepp\u00e4nen, Mikko ja Matilda (omaa sukua Wikstr\u00f6m) Sepp\u00e4sen vanhin lapsi syntyi Siestarjoella vuonna 1904.   J\u00e4lkel\u00e4iset muistivat tapahtumaa k\u00e4ynnill\u00e4 Kallen haudalla ja muistelemalla h\u00e4nt\u00e4 Mets\u00e4kansan Ilolassa.   Seppeleen lasku Kalle Sepp\u00e4sen haudalla.  Kuvassa vasemmalla puhumassa Kallen poika Kaarlo.   Oikealla poika Reino.\" >\n\t\t\t\t\t\t\t\t\t\t\t\t\t\t\t\t<img decoding=\"async\" width=&quot;150&quot; height=&quot;150&quot; style=\"width:150px; height:150px; border-width: 10px; border-color:#f1f1f1;border: 10px solid #f1f1f1\" alt=\"\" title=\"Karl Adolf Sepp\u00e4nen, Mikko ja Matilda (omaa sukua Wikstr\u00f6m) Sepp\u00e4sen vanhin lapsi syntyi Siestarjoella vuonna 1904.   J\u00e4lkel\u00e4iset muistivat tapahtumaa k\u00e4ynnill\u00e4 Kallen haudalla ja muistelemalla h\u00e4nt\u00e4 Mets\u00e4kansan Ilolassa.   Seppeleen lasku Kalle Sepp\u00e4sen haudalla.  Kuvassa vasemmalla puhumassa Kallen poika Kaarlo.   Oikealla poika Reino.\" src=\"https:\/\/www.antinseuraajat.net\/wp-content\/uploads\/2014\/03\/Seppeleenlasku_2004-150x150.jpg\" rel=\"https:\/\/www.antinseuraajat.net\/wp-content\/uploads\/2014\/03\/Seppeleenlasku_2004.jpg\" \/>\t\t\t\t\t\t\t\t\t\t\t\t\t\t\t<\/a>\n\t\t\t\t\t\t\t\t\t\t\t\t\t\t\t\t\t\t\t\t\t\t\t\t\t\t<\/p>\n\t\t\t\t\t\t\t\t\t\t\t\t\t\t\t\t\t\t\t\t\t\t\t\t\t<div \n\t\t\t\t\t\t\t\t\t\t\t\t\tstyle=\"width:170px;\"\t\t\t\t\t\t\t\t\t\t\t\t\tclass=\"gllr_single_image_text gllr_single_image_text_under\">Karl Adolf Sepp\u00e4nen, Mikko ja Matilda (omaa sukua Wikstr\u00f6m) Sepp\u00e4sen vanhin lapsi syntyi Siestarjoella vuonna 1904.   J\u00e4lkel\u00e4iset muistivat tapahtumaa k\u00e4ynnill\u00e4 Kallen haudalla ja muistelemalla h\u00e4nt\u00e4 Mets\u00e4kansan Ilolassa.   Seppeleen lasku Kalle Sepp\u00e4sen haudalla.  Kuvassa vasemmalla puhumassa Kallen poika Kaarlo.   Oikealla poika Reino.&nbsp;<\/div>\n\t\t\t\t\t\t\t\t\t\t\t\t\t\t\t\t\t\t\t\t\t\t\t<\/div><!-- .gllr_image_block -->\n\t\t\t\t\t\t\t\t\t\t\t\t\t\t\t\t\t\t\t\t\t<div class=\"gllr_image_block\">\n\t\t\t\t\t\t\t\t\t\t\t\t<p style=\"\n\t\t\t\t\t\t\t\t\t\t\t\twidth:170px;height:170px;\t\t\t\t\t\t\t\t\t\t\t\t\">\n\t\t\t\t\t\t\t\t\t\t\t\t\t\t\t\t\t\t\t\t\t\t\t\t\t\t\t\t<a data-fancybox=\"gallery_fancybox_545\" href=\"https:\/\/www.antinseuraajat.net\/wp-content\/uploads\/2014\/03\/Hautakivi_2004-1024x729.jpg\" title=\"Hautakivi Valkeakosken hautausmaalla. \" >\n\t\t\t\t\t\t\t\t\t\t\t\t\t\t\t\t<img decoding=\"async\" width=&quot;150&quot; height=&quot;150&quot; style=\"width:150px; height:150px; border-width: 10px; border-color:#f1f1f1;border: 10px solid #f1f1f1\" alt=\"\" title=\"Hautakivi Valkeakosken hautausmaalla. \" src=\"https:\/\/www.antinseuraajat.net\/wp-content\/uploads\/2014\/03\/Hautakivi_2004-150x150.jpg\" rel=\"https:\/\/www.antinseuraajat.net\/wp-content\/uploads\/2014\/03\/Hautakivi_2004.jpg\" \/>\t\t\t\t\t\t\t\t\t\t\t\t\t\t\t<\/a>\n\t\t\t\t\t\t\t\t\t\t\t\t\t\t\t\t\t\t\t\t\t\t\t\t\t\t<\/p>\n\t\t\t\t\t\t\t\t\t\t\t\t\t\t\t\t\t\t\t\t\t\t\t\t\t<div \n\t\t\t\t\t\t\t\t\t\t\t\t\tstyle=\"width:170px;\"\t\t\t\t\t\t\t\t\t\t\t\t\tclass=\"gllr_single_image_text gllr_single_image_text_under\">Hautakivi Valkeakosken hautausmaalla. &nbsp;<\/div>\n\t\t\t\t\t\t\t\t\t\t\t\t\t\t\t\t\t\t\t\t\t\t\t<\/div><!-- .gllr_image_block -->\n\t\t\t\t\t\t\t\t\t\t\t\t\t\t\t\t\t\t\t\t\t<div class=\"gllr_image_block\">\n\t\t\t\t\t\t\t\t\t\t\t\t<p style=\"\n\t\t\t\t\t\t\t\t\t\t\t\twidth:170px;height:170px;\t\t\t\t\t\t\t\t\t\t\t\t\">\n\t\t\t\t\t\t\t\t\t\t\t\t\t\t\t\t\t\t\t\t\t\t\t\t\t\t\t\t<a data-fancybox=\"gallery_fancybox_545\" href=\"https:\/\/www.antinseuraajat.net\/wp-content\/uploads\/2014\/03\/Taimi_100-1024x893.jpg\" title=\"Karl Adolf Sepp\u00e4sen vaimo, Taimi Mirjami, omaa sukua Karvonen, syntyi Terijoen Kuokkalassa vuonna 1910.  Tuolloin Terijoki kuului viel\u00e4 Kivennapaan.  Taimin ja Kallen j\u00e4lkel\u00e4iset muistivat Taimin syntym\u00e4\u00e4 k\u00e4ym\u00e4ll\u00e4 haudalla ja muistelemalla Taimia hotelli Valtikassa.  Oheinen juttu Aamulehden Moro-liitteest\u00e4.\" >\n\t\t\t\t\t\t\t\t\t\t\t\t\t\t\t\t<img decoding=\"async\" width=&quot;150&quot; height=&quot;150&quot; style=\"width:150px; height:150px; border-width: 10px; border-color:#f1f1f1;border: 10px solid #f1f1f1\" alt=\"\" title=\"Karl Adolf Sepp\u00e4sen vaimo, Taimi Mirjami, omaa sukua Karvonen, syntyi Terijoen Kuokkalassa vuonna 1910.  Tuolloin Terijoki kuului viel\u00e4 Kivennapaan.  Taimin ja Kallen j\u00e4lkel\u00e4iset muistivat Taimin syntym\u00e4\u00e4 k\u00e4ym\u00e4ll\u00e4 haudalla ja muistelemalla Taimia hotelli Valtikassa.  Oheinen juttu Aamulehden Moro-liitteest\u00e4.\" src=\"https:\/\/www.antinseuraajat.net\/wp-content\/uploads\/2014\/03\/Taimi_100-150x150.jpg\" rel=\"https:\/\/www.antinseuraajat.net\/wp-content\/uploads\/2014\/03\/Taimi_100.jpg\" \/>\t\t\t\t\t\t\t\t\t\t\t\t\t\t\t<\/a>\n\t\t\t\t\t\t\t\t\t\t\t\t\t\t\t\t\t\t\t\t\t\t\t\t\t\t<\/p>\n\t\t\t\t\t\t\t\t\t\t\t\t\t\t\t\t\t\t\t\t\t\t\t\t\t<div \n\t\t\t\t\t\t\t\t\t\t\t\t\tstyle=\"width:170px;\"\t\t\t\t\t\t\t\t\t\t\t\t\tclass=\"gllr_single_image_text gllr_single_image_text_under\">Karl Adolf Sepp\u00e4sen vaimo, Taimi Mirjami, omaa sukua Karvonen, syntyi Terijoen Kuokkalassa vuonna 1910.  Tuolloin Terijoki kuului viel\u00e4 Kivennapaan.  Taimin ja Kallen j\u00e4lkel\u00e4iset muistivat Taimin syntym\u00e4\u00e4 k\u00e4ym\u00e4ll\u00e4 haudalla ja muistelemalla Taimia hotelli Valtikassa.  Oheinen juttu Aamulehden Moro-liitteest\u00e4.&nbsp;<\/div>\n\t\t\t\t\t\t\t\t\t\t\t\t\t\t\t\t\t\t\t\t\t\t\t<\/div><!-- .gllr_image_block -->\n\t\t\t\t\t\t\t\t\t\t\t\t\t\t\t\t\t\t\t\t\t<\/div><!-- .gllr_image_row -->\n\t\t\t\t\t\t\t\t\t\t\t\t\t\t\t\t\t\t\t<\/div><!-- .gallery.clearfix -->\n\t\t\t\t\t\t\t\t\t\t\t\t\t\t<\/div><!-- .gallery_box_single -->\n\t\t\t\t\t\t<div class=\"gllr_clear\"><\/div>\n\t\t\t\t\t\t\n","protected":false},"excerpt":{"rendered":"","protected":false},"author":2,"featured_media":0,"parent":330,"menu_order":2,"comment_status":"closed","ping_status":"closed","template":"","meta":{"footnotes":""},"class_list":["post-561","page","type-page","status-publish","hentry"],"_links":{"self":[{"href":"https:\/\/www.antinseuraajat.net\/index.php?rest_route=\/wp\/v2\/pages\/561","targetHints":{"allow":["GET"]}}],"collection":[{"href":"https:\/\/www.antinseuraajat.net\/index.php?rest_route=\/wp\/v2\/pages"}],"about":[{"href":"https:\/\/www.antinseuraajat.net\/index.php?rest_route=\/wp\/v2\/types\/page"}],"author":[{"embeddable":true,"href":"https:\/\/www.antinseuraajat.net\/index.php?rest_route=\/wp\/v2\/users\/2"}],"replies":[{"embeddable":true,"href":"https:\/\/www.antinseuraajat.net\/index.php?rest_route=%2Fwp%2Fv2%2Fcomments&post=561"}],"version-history":[{"count":2,"href":"https:\/\/www.antinseuraajat.net\/index.php?rest_route=\/wp\/v2\/pages\/561\/revisions"}],"predecessor-version":[{"id":1402,"href":"https:\/\/www.antinseuraajat.net\/index.php?rest_route=\/wp\/v2\/pages\/561\/revisions\/1402"}],"up":[{"embeddable":true,"href":"https:\/\/www.antinseuraajat.net\/index.php?rest_route=\/wp\/v2\/pages\/330"}],"wp:attachment":[{"href":"https:\/\/www.antinseuraajat.net\/index.php?rest_route=%2Fwp%2Fv2%2Fmedia&parent=561"}],"curies":[{"name":"wp","href":"https:\/\/api.w.org\/{rel}","templated":true}]}}