{"id":74,"date":"2013-04-02T05:42:13","date_gmt":"2013-04-02T03:42:13","guid":{"rendered":"http:\/\/www.antinseuraajat.net\/?page_id=74"},"modified":"2022-01-07T11:09:48","modified_gmt":"2022-01-07T09:09:48","slug":"liity-jaseneksi","status":"publish","type":"page","link":"https:\/\/www.antinseuraajat.net\/?page_id=74","title":{"rendered":"Liity j\u00e4seneksi!"},"content":{"rendered":"<p>Sukuseuran j\u00e4seneksi voit liitty\u00e4 t\u00e4ytt\u00e4m\u00e4ll\u00e4 alla olevan lomakkeen tai ottamalla yhteytt\u00e4<br \/>\nsukuseuran hallituksen j\u00e4seniin.<\/p>\n<h3>J\u00e4senhakemus Antti Sepp\u00e4sen j\u00e4lkel\u00e4iset ry:n sukuseuran hallitukselle<\/h3>\n<p>* merkityt kent\u00e4t ovat pakollisia<\/p>\n","protected":false},"excerpt":{"rendered":"<p>Sukuseuran j\u00e4seneksi voit liitty\u00e4 t\u00e4ytt\u00e4m\u00e4ll\u00e4 alla olevan lomakkeen tai ottamalla yhteytt\u00e4 sukuseuran hallituksen j\u00e4seniin. J\u00e4senhakemus Antti Sepp\u00e4sen j\u00e4lkel\u00e4iset ry:n sukuseuran hallitukselle * merkityt kent\u00e4t ovat pakollisia<\/p>\n","protected":false},"author":1,"featured_media":0,"parent":19,"menu_order":0,"comment_status":"closed","ping_status":"closed","template":"page-templates\/page-lomake.php","meta":{"footnotes":""},"class_list":["post-74","page","type-page","status-publish","hentry"],"_links":{"self":[{"href":"https:\/\/www.antinseuraajat.net\/index.php?rest_route=\/wp\/v2\/pages\/74","targetHints":{"allow":["GET"]}}],"collection":[{"href":"https:\/\/www.antinseuraajat.net\/index.php?rest_route=\/wp\/v2\/pages"}],"about":[{"href":"https:\/\/www.antinseuraajat.net\/index.php?rest_route=\/wp\/v2\/types\/page"}],"author":[{"embeddable":true,"href":"https:\/\/www.antinseuraajat.net\/index.php?rest_route=\/wp\/v2\/users\/1"}],"replies":[{"embeddable":true,"href":"https:\/\/www.antinseuraajat.net\/index.php?rest_route=%2Fwp%2Fv2%2Fcomments&post=74"}],"version-history":[{"count":22,"href":"https:\/\/www.antinseuraajat.net\/index.php?rest_route=\/wp\/v2\/pages\/74\/revisions"}],"predecessor-version":[{"id":1447,"href":"https:\/\/www.antinseuraajat.net\/index.php?rest_route=\/wp\/v2\/pages\/74\/revisions\/1447"}],"up":[{"embeddable":true,"href":"https:\/\/www.antinseuraajat.net\/index.php?rest_route=\/wp\/v2\/pages\/19"}],"wp:attachment":[{"href":"https:\/\/www.antinseuraajat.net\/index.php?rest_route=%2Fwp%2Fv2%2Fmedia&parent=74"}],"curies":[{"name":"wp","href":"https:\/\/api.w.org\/{rel}","templated":true}]}}